{"id":81,"date":"2026-03-21T16:09:10","date_gmt":"2026-03-21T16:09:10","guid":{"rendered":"https:\/\/thebestroads.com\/?page_id=81"},"modified":"2026-03-21T16:09:10","modified_gmt":"2026-03-21T16:09:10","slug":"kontakty","status":"publish","type":"page","link":"https:\/\/www.woodyparkett.cz\/?page_id=81","title":{"rendered":"Kontakty"},"content":{"rendered":"\t\t<div data-elementor-type=\"wp-page\" data-elementor-id=\"81\" class=\"elementor elementor-81\">\n\t\t\t\t<div class=\"elementor-element elementor-element-cd494e5 e-grid e-con-boxed e-con e-parent\" data-id=\"cd494e5\" data-element_type=\"container\" data-e-type=\"container\">\n\t\t\t\t\t<div class=\"e-con-inner\">\n\t\t\t\t<div class=\"elementor-element elementor-element-d3c7f0f elementor-widget elementor-widget-text-editor\" data-id=\"d3c7f0f\" data-element_type=\"widget\" data-e-type=\"widget\" data-widget_type=\"text-editor.default\">\n\t\t\t\t\t\t\t\t\t<h3 class=\"zelena-barva\" style=\"text-align: center;\"><span style=\"color: #ffffff;\"><strong>Showroom<br \/><\/strong><\/span><\/h3><p class=\"zelena-barva\" style=\"text-align: center;\"><span style=\"color: #ffffff;\">Kapl\u00ed\u0159ova 2304\/12<\/span><br \/><span style=\"color: #ffffff;\">301 00\u00a0 Plze\u0148<\/span><br \/><span style=\"color: #ffffff;\"><strong class=\"zelena-barva\">!!! Z\u00e1sobov\u00e1n\u00ed &#8211; pros\u00edme \u0159idi\u010de v\u017edy volat p\u0159edem pro nasm\u011brov\u00e1n\u00ed vykl\u00e1dky !!!<\/strong><\/span><\/p>\t\t\t\t\t\t\t\t<\/div>\n\t\t\t\t<div class=\"elementor-element elementor-element-96bea4c elementor-widget elementor-widget-text-editor\" data-id=\"96bea4c\" data-element_type=\"widget\" data-e-type=\"widget\" data-widget_type=\"text-editor.default\">\n\t\t\t\t\t\t\t\t\t<h3 class=\"zelena-barva\" style=\"text-align: center;\"><span style=\"color: #ffffff;\"><strong>Faktura\u010dn\u00ed \u00fadaje<br \/><\/strong><\/span><\/h3><p style=\"text-align: center;\"><span style=\"color: #ffffff;\"><strong>Woody parkett s.r.o.<\/strong><br \/>Kapl\u00ed\u0159ova 2304\/12\u00a0 301 00 Plze\u0148<br \/>I\u010cO:\u00a007813040<br \/>DI\u010c:\u00a0CZ07813040<\/span><\/p>\t\t\t\t\t\t\t\t<\/div>\n\t\t\t\t<div class=\"elementor-element elementor-element-e2219e1 elementor-widget elementor-widget-text-editor\" data-id=\"e2219e1\" data-element_type=\"widget\" data-e-type=\"widget\" data-widget_type=\"text-editor.default\">\n\t\t\t\t\t\t\t\t\t<h3 class=\"zelena-barva\" style=\"text-align: center;\"><span style=\"color: #ffffff;\"><strong>Obchodn\u00ed odd\u011blen\u00ed<\/strong><\/span><\/h3><p style=\"text-align: center;\"><span style=\"color: #ffffff;\">Marek Tesa\u0159<\/span><br \/><span style=\"color: #ffffff;\">tel. +420 603 929 788<\/span><br \/><span style=\"color: #ffffff;\">mail:<\/span>\u00a0<a href=\"mailto:obchod@woodyparkett.cz\">obchod@woodyparkett.cz<\/a><\/p>\t\t\t\t\t\t\t\t<\/div>\n\t\t\t\t<div class=\"elementor-element elementor-element-4a8ad4b elementor-widget elementor-widget-text-editor\" data-id=\"4a8ad4b\" data-element_type=\"widget\" data-e-type=\"widget\" data-widget_type=\"text-editor.default\">\n\t\t\t\t\t\t\t\t\t<h3 class=\"zelena-barva\" style=\"text-align: center;\"><span style=\"color: #ffffff;\"><strong>Technick\u00e9 odd\u011blen\u00ed<\/strong><\/span><\/h3><p style=\"text-align: center;\"><span style=\"color: #ffffff;\">Marek Tesa\u0159<\/span><br \/><span style=\"color: #ffffff;\">tel. +420 603 929 788<\/span><br \/><span style=\"color: #ffffff;\">mail:\u00a0<\/span><a href=\"mailto:technik@woodyparkett.cz\">technik@woodyparkett.cz<\/a><\/p>\t\t\t\t\t\t\t\t<\/div>\n\t\t\t\t\t<\/div>\n\t\t\t\t<\/div>\n\t\t<div class=\"elementor-element elementor-element-d24919f e-flex e-con-boxed e-con e-parent\" data-id=\"d24919f\" data-element_type=\"container\" data-e-type=\"container\">\n\t\t\t\t\t<div class=\"e-con-inner\">\n\t\t\t\t<div class=\"elementor-element elementor-element-46bd6ce elementor-widget elementor-widget-google_maps\" data-id=\"46bd6ce\" data-element_type=\"widget\" data-e-type=\"widget\" data-widget_type=\"google_maps.default\">\n\t\t\t\t\t\t\t<div class=\"elementor-custom-embed\">\n\t\t\t<iframe loading=\"lazy\"\n\t\t\t\t\tsrc=\"https:\/\/maps.google.com\/maps?q=Kapl%C3%AD%C5%99ova%2012%2C%20Plze%C5%88&#038;t=m&#038;z=17&#038;output=embed&#038;iwloc=near\"\n\t\t\t\t\ttitle=\"Kapl\u00ed\u0159ova 12, Plze\u0148\"\n\t\t\t\t\taria-label=\"Kapl\u00ed\u0159ova 12, Plze\u0148\"\n\t\t\t><\/iframe>\n\t\t<\/div>\n\t\t\t\t\t\t<\/div>\n\t\t\t\t\t<\/div>\n\t\t\t\t<\/div>\n\t\t\t\t<\/div>\n\t\t","protected":false},"excerpt":{"rendered":"<p>Showroom Kapl\u00ed\u0159ova 2304\/12301 00\u00a0 Plze\u0148!!! Z\u00e1sobov\u00e1n\u00ed &#8211; pros\u00edme \u0159idi\u010de v\u017edy volat p\u0159edem pro nasm\u011brov\u00e1n\u00ed vykl\u00e1dky !!! Faktura\u010dn\u00ed \u00fadaje Woody parkett [&hellip;]<\/p>\n","protected":false},"author":1,"featured_media":0,"parent":0,"menu_order":0,"comment_status":"closed","ping_status":"closed","template":"","meta":{"site-sidebar-layout":"no-sidebar","site-content-layout":"","ast-site-content-layout":"full-width-container","site-content-style":"default","site-sidebar-style":"default","ast-global-header-display":"","ast-banner-title-visibility":"","ast-main-header-display":"","ast-hfb-above-header-display":"","ast-hfb-below-header-display":"","ast-hfb-mobile-header-display":"","site-post-title":"disabled","ast-breadcrumbs-content":"","ast-featured-img":"disabled","footer-sml-layout":"","ast-disable-related-posts":"","theme-transparent-header-meta":"","adv-header-id-meta":"","stick-header-meta":"","header-above-stick-meta":"","header-main-stick-meta":"","header-below-stick-meta":"","astra-migrate-meta-layouts":"default","ast-page-background-enabled":"default","ast-page-background-meta":{"desktop":{"background-color":"var(--ast-global-color-5)","background-image":"","background-repeat":"repeat","background-position":"center center","background-size":"auto","background-attachment":"scroll","background-type":"","background-media":"","overlay-type":"","overlay-color":"","overlay-opacity":"","overlay-gradient":""},"tablet":{"background-color":"","background-image":"","background-repeat":"repeat","background-position":"center center","background-size":"auto","background-attachment":"scroll","background-type":"","background-media":"","overlay-type":"","overlay-color":"","overlay-opacity":"","overlay-gradient":""},"mobile":{"background-color":"","background-image":"","background-repeat":"repeat","background-position":"center center","background-size":"auto","background-attachment":"scroll","background-type":"","background-media":"","overlay-type":"","overlay-color":"","overlay-opacity":"","overlay-gradient":""}},"ast-content-background-meta":{"desktop":{"background-color":"var(--ast-global-color-4)","background-image":"","background-repeat":"repeat","background-position":"center center","background-size":"auto","background-attachment":"scroll","background-type":"","background-media":"","overlay-type":"","overlay-color":"","overlay-opacity":"","overlay-gradient":""},"tablet":{"background-color":"var(--ast-global-color-4)","background-image":"","background-repeat":"repeat","background-position":"center center","background-size":"auto","background-attachment":"scroll","background-type":"","background-media":"","overlay-type":"","overlay-color":"","overlay-opacity":"","overlay-gradient":""},"mobile":{"background-color":"var(--ast-global-color-4)","background-image":"","background-repeat":"repeat","background-position":"center center","background-size":"auto","background-attachment":"scroll","background-type":"","background-media":"","overlay-type":"","overlay-color":"","overlay-opacity":"","overlay-gradient":""}},"footnotes":""},"class_list":["post-81","page","type-page","status-publish","hentry"],"_links":{"self":[{"href":"https:\/\/www.woodyparkett.cz\/index.php?rest_route=\/wp\/v2\/pages\/81","targetHints":{"allow":["GET"]}}],"collection":[{"href":"https:\/\/www.woodyparkett.cz\/index.php?rest_route=\/wp\/v2\/pages"}],"about":[{"href":"https:\/\/www.woodyparkett.cz\/index.php?rest_route=\/wp\/v2\/types\/page"}],"author":[{"embeddable":true,"href":"https:\/\/www.woodyparkett.cz\/index.php?rest_route=\/wp\/v2\/users\/1"}],"replies":[{"embeddable":true,"href":"https:\/\/www.woodyparkett.cz\/index.php?rest_route=%2Fwp%2Fv2%2Fcomments&post=81"}],"version-history":[{"count":0,"href":"https:\/\/www.woodyparkett.cz\/index.php?rest_route=\/wp\/v2\/pages\/81\/revisions"}],"wp:attachment":[{"href":"https:\/\/www.woodyparkett.cz\/index.php?rest_route=%2Fwp%2Fv2%2Fmedia&parent=81"}],"curies":[{"name":"wp","href":"https:\/\/api.w.org\/{rel}","templated":true}]}}