{"id":79,"date":"2026-03-21T16:08:37","date_gmt":"2026-03-21T16:08:37","guid":{"rendered":"https:\/\/thebestroads.com\/?page_id=79"},"modified":"2026-03-21T16:08:37","modified_gmt":"2026-03-21T16:08:37","slug":"prodejna","status":"publish","type":"page","link":"https:\/\/www.woodyparkett.cz\/?page_id=79","title":{"rendered":"Prodejna"},"content":{"rendered":"\t\t<div data-elementor-type=\"wp-page\" data-elementor-id=\"79\" class=\"elementor elementor-79\">\n\t\t\t\t<div class=\"elementor-element elementor-element-cd523f7 e-flex e-con-boxed e-con e-parent\" data-id=\"cd523f7\" data-element_type=\"container\" data-e-type=\"container\">\n\t\t\t\t\t<div class=\"e-con-inner\">\n\t\t<div class=\"elementor-element elementor-element-bcfe182 e-con-full e-flex e-con e-child\" data-id=\"bcfe182\" data-element_type=\"container\" data-e-type=\"container\">\n\t\t\t\t<div class=\"elementor-element elementor-element-572a58c elementor-widget elementor-widget-text-editor\" data-id=\"572a58c\" data-element_type=\"widget\" data-e-type=\"widget\" data-widget_type=\"text-editor.default\">\n\t\t\t\t\t\t\t\t\t<h3><span style=\"color: #ffffff;\">N\u00e1\u0161 showroom najdete na adrese<\/span><\/h3><h3><span style=\"color: #ffffff;\">Kapl\u00ed\u0159ova 12, Plze\u0148<\/span><\/h3><p><span style=\"color: #ffffff;\">Pro sch\u016fzku si rad\u011bji zavolejte na<\/span><\/p><p><span style=\"color: #ffffff;\" data-darkreader-inline-color=\"\">tel. +420 603 929 788<\/span><\/p><p><span style=\"color: #ffffff;\">M\u016f\u017ee se st\u00e1t, \u017ee jsme u z\u00e1kazn\u00edka.<\/span><\/p>\t\t\t\t\t\t\t\t<\/div>\n\t\t\t\t<\/div>\n\t\t<div class=\"elementor-element elementor-element-312a527 e-con-full e-flex e-con e-child\" data-id=\"312a527\" data-element_type=\"container\" data-e-type=\"container\">\n\t\t<div class=\"elementor-element elementor-element-f5195b4 e-grid e-con-full e-con e-child\" data-id=\"f5195b4\" data-element_type=\"container\" data-e-type=\"container\">\n\t\t\t\t<div class=\"elementor-element elementor-element-d586ddf elementor-widget elementor-widget-image\" data-id=\"d586ddf\" data-element_type=\"widget\" data-e-type=\"widget\" data-widget_type=\"image.default\">\n\t\t\t\t\t\t\t\t\t\t\t\t\t\t\t\t<a href=\"http:\/\/thebestroads.com\/wp-content\/uploads\/2026\/03\/Showroom-03.jpeg\" data-elementor-open-lightbox=\"yes\" data-elementor-lightbox-title=\"Showroom 03\" data-e-action-hash=\"#elementor-action%3Aaction%3Dlightbox%26settings%3DeyJpZCI6MTA2LCJ1cmwiOiJodHRwczpcL1wvd3d3Lndvb2R5cGFya2V0dC5jelwvd3AtY29udGVudFwvdXBsb2Fkc1wvMjAyNlwvMDNcL1Nob3dyb29tLTAzLmpwZWcifQ%3D%3D\">\n\t\t\t\t\t\t\t<img fetchpriority=\"high\" decoding=\"async\" width=\"296\" height=\"222\" src=\"https:\/\/www.woodyparkett.cz\/wp-content\/uploads\/2026\/03\/Showroom-03.jpeg\" class=\"attachment-full size-full wp-image-106\" alt=\"\" \/>\t\t\t\t\t\t\t\t<\/a>\n\t\t\t\t\t\t\t\t\t\t\t\t\t\t\t<\/div>\n\t\t\t\t<div class=\"elementor-element elementor-element-e41021d elementor-widget elementor-widget-image\" data-id=\"e41021d\" data-element_type=\"widget\" data-e-type=\"widget\" data-widget_type=\"image.default\">\n\t\t\t\t\t\t\t\t\t\t\t\t\t\t\t\t<a href=\"http:\/\/thebestroads.com\/wp-content\/uploads\/2026\/03\/Showroom-01.jpeg\" data-elementor-open-lightbox=\"yes\" data-elementor-lightbox-title=\"Showroom 01\" data-e-action-hash=\"#elementor-action%3Aaction%3Dlightbox%26settings%3DeyJpZCI6MTA0LCJ1cmwiOiJodHRwczpcL1wvd3d3Lndvb2R5cGFya2V0dC5jelwvd3AtY29udGVudFwvdXBsb2Fkc1wvMjAyNlwvMDNcL1Nob3dyb29tLTAxLmpwZWcifQ%3D%3D\">\n\t\t\t\t\t\t\t<img decoding=\"async\" width=\"896\" height=\"672\" src=\"https:\/\/www.woodyparkett.cz\/wp-content\/uploads\/2026\/03\/Showroom-01.jpeg\" class=\"attachment-full size-full wp-image-104\" alt=\"\" srcset=\"https:\/\/www.woodyparkett.cz\/wp-content\/uploads\/2026\/03\/Showroom-01.jpeg 896w, https:\/\/www.woodyparkett.cz\/wp-content\/uploads\/2026\/03\/Showroom-01-300x225.jpeg 300w, https:\/\/www.woodyparkett.cz\/wp-content\/uploads\/2026\/03\/Showroom-01-768x576.jpeg 768w\" sizes=\"(max-width: 896px) 100vw, 896px\" \/>\t\t\t\t\t\t\t\t<\/a>\n\t\t\t\t\t\t\t\t\t\t\t\t\t\t\t<\/div>\n\t\t\t\t<div class=\"elementor-element elementor-element-5fe5bcf elementor-widget elementor-widget-image\" data-id=\"5fe5bcf\" data-element_type=\"widget\" data-e-type=\"widget\" data-widget_type=\"image.default\">\n\t\t\t\t\t\t\t\t\t\t\t\t\t\t\t\t<a href=\"http:\/\/thebestroads.com\/wp-content\/uploads\/2026\/03\/Showroom-04.jpeg\" data-elementor-open-lightbox=\"yes\" data-elementor-lightbox-title=\"Showroom 04\" data-e-action-hash=\"#elementor-action%3Aaction%3Dlightbox%26settings%3DeyJpZCI6MTA3LCJ1cmwiOiJodHRwczpcL1wvd3d3Lndvb2R5cGFya2V0dC5jelwvd3AtY29udGVudFwvdXBsb2Fkc1wvMjAyNlwvMDNcL1Nob3dyb29tLTA0LmpwZWcifQ%3D%3D\">\n\t\t\t\t\t\t\t<img decoding=\"async\" width=\"186\" height=\"188\" src=\"https:\/\/www.woodyparkett.cz\/wp-content\/uploads\/2026\/03\/Showroom-04.jpeg\" class=\"attachment-full size-full wp-image-107\" alt=\"\" \/>\t\t\t\t\t\t\t\t<\/a>\n\t\t\t\t\t\t\t\t\t\t\t\t\t\t\t<\/div>\n\t\t\t\t<div class=\"elementor-element elementor-element-292e196 elementor-widget elementor-widget-image\" data-id=\"292e196\" data-element_type=\"widget\" data-e-type=\"widget\" data-widget_type=\"image.default\">\n\t\t\t\t\t\t\t\t\t\t\t\t\t\t\t\t<a href=\"http:\/\/thebestroads.com\/wp-content\/uploads\/2026\/03\/Showroom-02.jpg\" data-elementor-open-lightbox=\"yes\" data-elementor-lightbox-title=\"Showroom 02\" data-e-action-hash=\"#elementor-action%3Aaction%3Dlightbox%26settings%3DeyJpZCI6MTA1LCJ1cmwiOiJodHRwczpcL1wvd3d3Lndvb2R5cGFya2V0dC5jelwvd3AtY29udGVudFwvdXBsb2Fkc1wvMjAyNlwvMDNcL1Nob3dyb29tLTAyLmpwZyJ9\">\n\t\t\t\t\t\t\t<img loading=\"lazy\" decoding=\"async\" width=\"296\" height=\"222\" src=\"https:\/\/www.woodyparkett.cz\/wp-content\/uploads\/2026\/03\/Showroom-02.jpg\" class=\"attachment-full size-full wp-image-105\" alt=\"\" \/>\t\t\t\t\t\t\t\t<\/a>\n\t\t\t\t\t\t\t\t\t\t\t\t\t\t\t<\/div>\n\t\t\t\t<\/div>\n\t\t\t\t<\/div>\n\t\t\t\t\t<\/div>\n\t\t\t\t<\/div>\n\t\t<div class=\"elementor-element elementor-element-4b406d0 e-flex e-con-boxed e-con e-parent\" data-id=\"4b406d0\" data-element_type=\"container\" data-e-type=\"container\">\n\t\t\t\t\t<div class=\"e-con-inner\">\n\t\t\t\t<div class=\"elementor-element elementor-element-d630907 elementor-widget elementor-widget-image-gallery\" data-id=\"d630907\" data-element_type=\"widget\" data-e-type=\"widget\" data-widget_type=\"image-gallery.default\">\n\t\t\t\t\t\t\t<div class=\"elementor-image-gallery\">\n\t\t\t<div id='gallery-1' class='gallery galleryid-79 gallery-columns-4 gallery-size-1536x1536'><figure class='gallery-item'>\n\t\t\t<div class='gallery-icon landscape'>\n\t\t\t\t<a data-elementor-open-lightbox=\"yes\" data-elementor-lightbox-slideshow=\"d630907\" data-elementor-lightbox-title=\"Showroom 03\" data-e-action-hash=\"#elementor-action%3Aaction%3Dlightbox%26settings%3DeyJpZCI6MTA2LCJ1cmwiOiJodHRwczpcL1wvd3d3Lndvb2R5cGFya2V0dC5jelwvd3AtY29udGVudFwvdXBsb2Fkc1wvMjAyNlwvMDNcL1Nob3dyb29tLTAzLmpwZWciLCJzbGlkZXNob3ciOiJkNjMwOTA3In0%3D\" href='https:\/\/www.woodyparkett.cz\/wp-content\/uploads\/2026\/03\/Showroom-03.jpeg'><img loading=\"lazy\" decoding=\"async\" width=\"296\" height=\"222\" src=\"https:\/\/www.woodyparkett.cz\/wp-content\/uploads\/2026\/03\/Showroom-03.jpeg\" class=\"attachment-1536x1536 size-1536x1536\" alt=\"\" \/><\/a>\n\t\t\t<\/div><\/figure><figure class='gallery-item'>\n\t\t\t<div class='gallery-icon landscape'>\n\t\t\t\t<a data-elementor-open-lightbox=\"yes\" data-elementor-lightbox-slideshow=\"d630907\" data-elementor-lightbox-title=\"Showroom 02\" data-e-action-hash=\"#elementor-action%3Aaction%3Dlightbox%26settings%3DeyJpZCI6MTA1LCJ1cmwiOiJodHRwczpcL1wvd3d3Lndvb2R5cGFya2V0dC5jelwvd3AtY29udGVudFwvdXBsb2Fkc1wvMjAyNlwvMDNcL1Nob3dyb29tLTAyLmpwZyIsInNsaWRlc2hvdyI6ImQ2MzA5MDcifQ%3D%3D\" href='https:\/\/www.woodyparkett.cz\/wp-content\/uploads\/2026\/03\/Showroom-02.jpg'><img loading=\"lazy\" decoding=\"async\" width=\"296\" height=\"222\" src=\"https:\/\/www.woodyparkett.cz\/wp-content\/uploads\/2026\/03\/Showroom-02.jpg\" class=\"attachment-1536x1536 size-1536x1536\" alt=\"\" \/><\/a>\n\t\t\t<\/div><\/figure><figure class='gallery-item'>\n\t\t\t<div class='gallery-icon landscape'>\n\t\t\t\t<a data-elementor-open-lightbox=\"yes\" data-elementor-lightbox-slideshow=\"d630907\" data-elementor-lightbox-title=\"Showroom 01\" data-e-action-hash=\"#elementor-action%3Aaction%3Dlightbox%26settings%3DeyJpZCI6MTA0LCJ1cmwiOiJodHRwczpcL1wvd3d3Lndvb2R5cGFya2V0dC5jelwvd3AtY29udGVudFwvdXBsb2Fkc1wvMjAyNlwvMDNcL1Nob3dyb29tLTAxLmpwZWciLCJzbGlkZXNob3ciOiJkNjMwOTA3In0%3D\" href='https:\/\/www.woodyparkett.cz\/wp-content\/uploads\/2026\/03\/Showroom-01.jpeg'><img loading=\"lazy\" decoding=\"async\" width=\"896\" height=\"672\" src=\"https:\/\/www.woodyparkett.cz\/wp-content\/uploads\/2026\/03\/Showroom-01.jpeg\" class=\"attachment-1536x1536 size-1536x1536\" alt=\"\" srcset=\"https:\/\/www.woodyparkett.cz\/wp-content\/uploads\/2026\/03\/Showroom-01.jpeg 896w, https:\/\/www.woodyparkett.cz\/wp-content\/uploads\/2026\/03\/Showroom-01-300x225.jpeg 300w, https:\/\/www.woodyparkett.cz\/wp-content\/uploads\/2026\/03\/Showroom-01-768x576.jpeg 768w\" sizes=\"(max-width: 896px) 100vw, 896px\" \/><\/a>\n\t\t\t<\/div><\/figure><figure class='gallery-item'>\n\t\t\t<div class='gallery-icon portrait'>\n\t\t\t\t<a data-elementor-open-lightbox=\"yes\" data-elementor-lightbox-slideshow=\"d630907\" data-elementor-lightbox-title=\"Showroom 04\" data-e-action-hash=\"#elementor-action%3Aaction%3Dlightbox%26settings%3DeyJpZCI6MTA3LCJ1cmwiOiJodHRwczpcL1wvd3d3Lndvb2R5cGFya2V0dC5jelwvd3AtY29udGVudFwvdXBsb2Fkc1wvMjAyNlwvMDNcL1Nob3dyb29tLTA0LmpwZWciLCJzbGlkZXNob3ciOiJkNjMwOTA3In0%3D\" href='https:\/\/www.woodyparkett.cz\/wp-content\/uploads\/2026\/03\/Showroom-04.jpeg'><img loading=\"lazy\" decoding=\"async\" width=\"186\" height=\"188\" src=\"https:\/\/www.woodyparkett.cz\/wp-content\/uploads\/2026\/03\/Showroom-04.jpeg\" class=\"attachment-1536x1536 size-1536x1536\" alt=\"\" \/><\/a>\n\t\t\t<\/div><\/figure>\n\t\t<\/div>\n\t\t<\/div>\n\t\t\t\t\t\t<\/div>\n\t\t\t\t\t<\/div>\n\t\t\t\t<\/div>\n\t\t\t\t<\/div>\n\t\t","protected":false},"excerpt":{"rendered":"<p>N\u00e1\u0161 showroom najdete na adrese Kapl\u00ed\u0159ova 12, Plze\u0148 Pro sch\u016fzku si rad\u011bji zavolejte na tel. +420 603 929 788 M\u016f\u017ee [&hellip;]<\/p>\n","protected":false},"author":1,"featured_media":0,"parent":0,"menu_order":0,"comment_status":"closed","ping_status":"closed","template":"","meta":{"site-sidebar-layout":"no-sidebar","site-content-layout":"","ast-site-content-layout":"full-width-container","site-content-style":"default","site-sidebar-style":"default","ast-global-header-display":"","ast-banner-title-visibility":"","ast-main-header-display":"","ast-hfb-above-header-display":"","ast-hfb-below-header-display":"","ast-hfb-mobile-header-display":"","site-post-title":"disabled","ast-breadcrumbs-content":"","ast-featured-img":"disabled","footer-sml-layout":"","ast-disable-related-posts":"","theme-transparent-header-meta":"","adv-header-id-meta":"","stick-header-meta":"","header-above-stick-meta":"","header-main-stick-meta":"","header-below-stick-meta":"","astra-migrate-meta-layouts":"default","ast-page-background-enabled":"default","ast-page-background-meta":{"desktop":{"background-color":"var(--ast-global-color-5)","background-image":"","background-repeat":"repeat","background-position":"center center","background-size":"auto","background-attachment":"scroll","background-type":"","background-media":"","overlay-type":"","overlay-color":"","overlay-opacity":"","overlay-gradient":""},"tablet":{"background-color":"","background-image":"","background-repeat":"repeat","background-position":"center center","background-size":"auto","background-attachment":"scroll","background-type":"","background-media":"","overlay-type":"","overlay-color":"","overlay-opacity":"","overlay-gradient":""},"mobile":{"background-color":"","background-image":"","background-repeat":"repeat","background-position":"center center","background-size":"auto","background-attachment":"scroll","background-type":"","background-media":"","overlay-type":"","overlay-color":"","overlay-opacity":"","overlay-gradient":""}},"ast-content-background-meta":{"desktop":{"background-color":"var(--ast-global-color-4)","background-image":"","background-repeat":"repeat","background-position":"center center","background-size":"auto","background-attachment":"scroll","background-type":"","background-media":"","overlay-type":"","overlay-color":"","overlay-opacity":"","overlay-gradient":""},"tablet":{"background-color":"var(--ast-global-color-4)","background-image":"","background-repeat":"repeat","background-position":"center center","background-size":"auto","background-attachment":"scroll","background-type":"","background-media":"","overlay-type":"","overlay-color":"","overlay-opacity":"","overlay-gradient":""},"mobile":{"background-color":"var(--ast-global-color-4)","background-image":"","background-repeat":"repeat","background-position":"center center","background-size":"auto","background-attachment":"scroll","background-type":"","background-media":"","overlay-type":"","overlay-color":"","overlay-opacity":"","overlay-gradient":""}},"footnotes":""},"class_list":["post-79","page","type-page","status-publish","hentry"],"_links":{"self":[{"href":"https:\/\/www.woodyparkett.cz\/index.php?rest_route=\/wp\/v2\/pages\/79","targetHints":{"allow":["GET"]}}],"collection":[{"href":"https:\/\/www.woodyparkett.cz\/index.php?rest_route=\/wp\/v2\/pages"}],"about":[{"href":"https:\/\/www.woodyparkett.cz\/index.php?rest_route=\/wp\/v2\/types\/page"}],"author":[{"embeddable":true,"href":"https:\/\/www.woodyparkett.cz\/index.php?rest_route=\/wp\/v2\/users\/1"}],"replies":[{"embeddable":true,"href":"https:\/\/www.woodyparkett.cz\/index.php?rest_route=%2Fwp%2Fv2%2Fcomments&post=79"}],"version-history":[{"count":0,"href":"https:\/\/www.woodyparkett.cz\/index.php?rest_route=\/wp\/v2\/pages\/79\/revisions"}],"wp:attachment":[{"href":"https:\/\/www.woodyparkett.cz\/index.php?rest_route=%2Fwp%2Fv2%2Fmedia&parent=79"}],"curies":[{"name":"wp","href":"https:\/\/api.w.org\/{rel}","templated":true}]}}