{"id":75,"date":"2026-03-21T16:06:56","date_gmt":"2026-03-21T16:06:56","guid":{"rendered":"https:\/\/thebestroads.com\/?page_id=75"},"modified":"2026-03-21T16:06:56","modified_gmt":"2026-03-21T16:06:56","slug":"sluzby","status":"publish","type":"page","link":"https:\/\/www.woodyparkett.cz\/?page_id=75","title":{"rendered":"Slu\u017eby"},"content":{"rendered":"\t\t<div data-elementor-type=\"wp-page\" data-elementor-id=\"75\" class=\"elementor elementor-75\">\n\t\t\t\t<div class=\"elementor-element elementor-element-3347434 e-flex e-con-boxed e-con e-parent\" data-id=\"3347434\" data-element_type=\"container\" data-e-type=\"container\">\n\t\t\t\t\t<div class=\"e-con-inner\">\n\t\t\t\t<div class=\"elementor-element elementor-element-f36516a elementor-widget elementor-widget-text-editor\" data-id=\"f36516a\" data-element_type=\"widget\" data-e-type=\"widget\" data-widget_type=\"text-editor.default\">\n\t\t\t\t\t\t\t\t\t<h3 style=\"text-align: center;\"><span style=\"color: #ffffff;\">Na\u0161e Slu\u017eby<\/span><\/h3><h5 style=\"text-align: center;\"><span style=\"color: #ffffff;\">Hled\u00e1te opravdov\u00e9 profesion\u00e1ly? Chcete dostat kvalitu, za kterou si plat\u00edte?<\/span><\/h5><h5 style=\"text-align: center;\"><span style=\"color: #ffffff;\">Jak jste ji\u017e mo\u017en\u00e1 p\u0159i pro\u010d\u00edt\u00e1n\u00ed na\u0161ich str\u00e1nek poznali, konceptem firmy Woody parkett je zam\u011b\u0159it se sice na u\u017e\u0161\u00ed okruh \u010dinnost\u00ed, ale sv\u00e9 slu\u017eby odv\u00e1d\u011bt kvalitn\u011b. Technick\u00fd \u0159editel a majitel firmy Woody parkett, pan Tesa\u0159, m\u00e1 skoro 30 let praxe v oboru mont\u00e1\u017e\u00ed podlah, schod\u016f, dve\u0159\u00ed a za\u0159izov\u00e1n\u00ed interi\u00e9r\u016f. Na ka\u017ed\u00e9 jedn\u00e9 zakz\u00e1kce si osobn\u011b hl\u00edd\u00e1 kvalitu odveden\u00e9 pr\u00e1ce.\u00a0<\/span><\/h5>\t\t\t\t\t\t\t\t<\/div>\n\t\t\t\t\t<\/div>\n\t\t\t\t<\/div>\n\t\t<div class=\"elementor-element elementor-element-5c258e7 e-grid e-con-full e-con e-parent\" data-id=\"5c258e7\" data-element_type=\"container\" data-e-type=\"container\">\n\t\t\t\t<div class=\"elementor-element elementor-element-2fa586b elementor-widget elementor-widget-text-editor\" data-id=\"2fa586b\" data-element_type=\"widget\" data-e-type=\"widget\" data-widget_type=\"text-editor.default\">\n\t\t\t\t\t\t\t\t\t<h3 class=\"zelena-barva\" style=\"text-align: center;\"><span style=\"color: #ffffff;\"><strong>Konzultace a poradenstv\u00ed<\/strong><\/span><\/h3><h5 style=\"text-align: center;\"><span style=\"color: #ffffff;\">P\u0159ed realizac\u00ed budete m\u00edt jist\u011b v hlav\u011b nespo\u010det otazn\u00edk\u016f. Za\u010dneme konzultac\u00ed. Nav\u0161tivte n\u00e1s, pobavme se o tom, co by V\u00e1m vyhovovalo a spolu najdeme \u0159e\u0161en\u00ed\u00a0 &#8222;To je p\u0159esn\u011b to, co chci!&#8220;\u00a0<\/span><\/h5><h5 style=\"text-align: center;\"><span style=\"font-style: inherit; font-weight: inherit; color: #ffffff;\">&#8230; a nezapome\u0148te, \u017e\u00e1dn\u00fd dotaz nen\u00ed hloup\u00fd ani nevhodn\u00fd.<\/span><\/h5>\t\t\t\t\t\t\t\t<\/div>\n\t\t\t\t<div class=\"elementor-element elementor-element-2d4778e elementor-widget elementor-widget-image\" data-id=\"2d4778e\" data-element_type=\"widget\" data-e-type=\"widget\" data-widget_type=\"image.default\">\n\t\t\t\t\t\t\t\t\t\t\t\t\t\t\t<img fetchpriority=\"high\" decoding=\"async\" width=\"400\" height=\"192\" src=\"https:\/\/www.woodyparkett.cz\/wp-content\/uploads\/2026\/03\/11.png\" class=\"attachment-large size-large wp-image-186\" alt=\"\" srcset=\"https:\/\/www.woodyparkett.cz\/wp-content\/uploads\/2026\/03\/11.png 400w, https:\/\/www.woodyparkett.cz\/wp-content\/uploads\/2026\/03\/11-300x144.png 300w\" sizes=\"(max-width: 400px) 100vw, 400px\" \/>\t\t\t\t\t\t\t\t\t\t\t\t\t\t\t<\/div>\n\t\t\t\t<\/div>\n\t\t<div class=\"elementor-element elementor-element-140cca1 e-grid e-con-full e-con e-parent\" data-id=\"140cca1\" data-element_type=\"container\" data-e-type=\"container\">\n\t\t\t\t<div class=\"elementor-element elementor-element-3c99056 elementor-widget elementor-widget-image\" data-id=\"3c99056\" data-element_type=\"widget\" data-e-type=\"widget\" data-widget_type=\"image.default\">\n\t\t\t\t\t\t\t\t\t\t\t\t\t\t\t<img decoding=\"async\" width=\"400\" height=\"192\" src=\"https:\/\/www.woodyparkett.cz\/wp-content\/uploads\/2026\/03\/6.png\" class=\"attachment-large size-large wp-image-181\" alt=\"\" srcset=\"https:\/\/www.woodyparkett.cz\/wp-content\/uploads\/2026\/03\/6.png 400w, https:\/\/www.woodyparkett.cz\/wp-content\/uploads\/2026\/03\/6-300x144.png 300w\" sizes=\"(max-width: 400px) 100vw, 400px\" \/>\t\t\t\t\t\t\t\t\t\t\t\t\t\t\t<\/div>\n\t\t\t\t<div class=\"elementor-element elementor-element-6ec9e69 elementor-widget elementor-widget-text-editor\" data-id=\"6ec9e69\" data-element_type=\"widget\" data-e-type=\"widget\" data-widget_type=\"text-editor.default\">\n\t\t\t\t\t\t\t\t\t<h3 class=\"zelena-barva\" style=\"text-align: center;\"><span style=\"color: #ffffff;\"><strong>Realizace<\/strong><\/span><\/h3><h5 style=\"text-align: center;\"><span style=\"color: #ffffff;\">N\u00e1\u0161 nab\u00edzen\u00fd sortiment v\u00e1m samoz\u0159ejm\u011b r\u00e1di namontujeme na kl\u00ed\u010d! U\u017e kv\u016fli dr\u017een\u00fdm z\u00e1ruk\u00e1m na materi\u00e1l m\u00e1me r\u00e1di kontrolu nad t\u00edm, jak a kde je namontov\u00e1n.<strong>\u00a0<\/strong><\/span><\/h5><h5 class=\"zelena-barva\" style=\"text-align: center;\"><span style=\"color: #ffffff;\">Svou pr\u00e1ci milujeme!<\/span><\/h5>\t\t\t\t\t\t\t\t<\/div>\n\t\t\t\t<\/div>\n\t\t<div class=\"elementor-element elementor-element-bfe7130 e-grid e-con-full e-con e-parent\" data-id=\"bfe7130\" data-element_type=\"container\" data-e-type=\"container\">\n\t\t\t\t<div class=\"elementor-element elementor-element-26a0afe elementor-widget elementor-widget-text-editor\" data-id=\"26a0afe\" data-element_type=\"widget\" data-e-type=\"widget\" data-widget_type=\"text-editor.default\">\n\t\t\t\t\t\t\t\t\t<h3 class=\"zelena-barva\" style=\"text-align: center;\"><span style=\"color: #ffffff;\"><strong>Poz\u00e1ru\u010dn\u00ed servis a renovace<\/strong><\/span><\/h3><h5 style=\"text-align: center;\"><span style=\"color: #ffffff;\">D\u0159ev\u011bn\u00e9 podlahy maj\u00ed obrovskou v\u00fdhodu v mo\u017enosti opakovan\u00e9 renovace.\u00a0<\/span><\/h5><h5 style=\"text-align: center;\"><span style=\"color: #ffffff;\">U\u017e nejste spokojeni po X letech s povrchem va\u0161\u00ed podlahy? Kontaktujte n\u00e1s.<\/span><\/h5>\t\t\t\t\t\t\t\t<\/div>\n\t\t\t\t<div class=\"elementor-element elementor-element-5350700 elementor-widget elementor-widget-image\" data-id=\"5350700\" data-element_type=\"widget\" data-e-type=\"widget\" data-widget_type=\"image.default\">\n\t\t\t\t\t\t\t\t\t\t\t\t\t\t\t<img decoding=\"async\" width=\"400\" height=\"192\" src=\"https:\/\/www.woodyparkett.cz\/wp-content\/uploads\/2026\/03\/33.png\" class=\"attachment-large size-large wp-image-188\" alt=\"\" srcset=\"https:\/\/www.woodyparkett.cz\/wp-content\/uploads\/2026\/03\/33.png 400w, https:\/\/www.woodyparkett.cz\/wp-content\/uploads\/2026\/03\/33-300x144.png 300w\" sizes=\"(max-width: 400px) 100vw, 400px\" \/>\t\t\t\t\t\t\t\t\t\t\t\t\t\t\t<\/div>\n\t\t\t\t<\/div>\n\t\t\t\t<\/div>\n\t\t","protected":false},"excerpt":{"rendered":"<p>Na\u0161e Slu\u017eby Hled\u00e1te opravdov\u00e9 profesion\u00e1ly? Chcete dostat kvalitu, za kterou si plat\u00edte? Jak jste ji\u017e mo\u017en\u00e1 p\u0159i pro\u010d\u00edt\u00e1n\u00ed na\u0161ich str\u00e1nek [&hellip;]<\/p>\n","protected":false},"author":1,"featured_media":0,"parent":0,"menu_order":0,"comment_status":"closed","ping_status":"closed","template":"","meta":{"site-sidebar-layout":"no-sidebar","site-content-layout":"","ast-site-content-layout":"full-width-container","site-content-style":"default","site-sidebar-style":"default","ast-global-header-display":"","ast-banner-title-visibility":"","ast-main-header-display":"","ast-hfb-above-header-display":"","ast-hfb-below-header-display":"","ast-hfb-mobile-header-display":"","site-post-title":"disabled","ast-breadcrumbs-content":"","ast-featured-img":"disabled","footer-sml-layout":"","ast-disable-related-posts":"","theme-transparent-header-meta":"","adv-header-id-meta":"","stick-header-meta":"","header-above-stick-meta":"","header-main-stick-meta":"","header-below-stick-meta":"","astra-migrate-meta-layouts":"default","ast-page-background-enabled":"default","ast-page-background-meta":{"desktop":{"background-color":"var(--ast-global-color-5)","background-image":"","background-repeat":"repeat","background-position":"center center","background-size":"auto","background-attachment":"scroll","background-type":"","background-media":"","overlay-type":"","overlay-color":"","overlay-opacity":"","overlay-gradient":""},"tablet":{"background-color":"","background-image":"","background-repeat":"repeat","background-position":"center center","background-size":"auto","background-attachment":"scroll","background-type":"","background-media":"","overlay-type":"","overlay-color":"","overlay-opacity":"","overlay-gradient":""},"mobile":{"background-color":"","background-image":"","background-repeat":"repeat","background-position":"center center","background-size":"auto","background-attachment":"scroll","background-type":"","background-media":"","overlay-type":"","overlay-color":"","overlay-opacity":"","overlay-gradient":""}},"ast-content-background-meta":{"desktop":{"background-color":"var(--ast-global-color-4)","background-image":"","background-repeat":"repeat","background-position":"center center","background-size":"auto","background-attachment":"scroll","background-type":"","background-media":"","overlay-type":"","overlay-color":"","overlay-opacity":"","overlay-gradient":""},"tablet":{"background-color":"var(--ast-global-color-4)","background-image":"","background-repeat":"repeat","background-position":"center center","background-size":"auto","background-attachment":"scroll","background-type":"","background-media":"","overlay-type":"","overlay-color":"","overlay-opacity":"","overlay-gradient":""},"mobile":{"background-color":"var(--ast-global-color-4)","background-image":"","background-repeat":"repeat","background-position":"center center","background-size":"auto","background-attachment":"scroll","background-type":"","background-media":"","overlay-type":"","overlay-color":"","overlay-opacity":"","overlay-gradient":""}},"footnotes":""},"class_list":["post-75","page","type-page","status-publish","hentry"],"_links":{"self":[{"href":"https:\/\/www.woodyparkett.cz\/index.php?rest_route=\/wp\/v2\/pages\/75","targetHints":{"allow":["GET"]}}],"collection":[{"href":"https:\/\/www.woodyparkett.cz\/index.php?rest_route=\/wp\/v2\/pages"}],"about":[{"href":"https:\/\/www.woodyparkett.cz\/index.php?rest_route=\/wp\/v2\/types\/page"}],"author":[{"embeddable":true,"href":"https:\/\/www.woodyparkett.cz\/index.php?rest_route=\/wp\/v2\/users\/1"}],"replies":[{"embeddable":true,"href":"https:\/\/www.woodyparkett.cz\/index.php?rest_route=%2Fwp%2Fv2%2Fcomments&post=75"}],"version-history":[{"count":0,"href":"https:\/\/www.woodyparkett.cz\/index.php?rest_route=\/wp\/v2\/pages\/75\/revisions"}],"wp:attachment":[{"href":"https:\/\/www.woodyparkett.cz\/index.php?rest_route=%2Fwp%2Fv2%2Fmedia&parent=75"}],"curies":[{"name":"wp","href":"https:\/\/api.w.org\/{rel}","templated":true}]}}