{"id":62,"date":"2026-03-21T15:44:37","date_gmt":"2026-03-21T15:44:37","guid":{"rendered":"https:\/\/thebestroads.com\/?page_id=62"},"modified":"2026-03-21T15:44:37","modified_gmt":"2026-03-21T15:44:37","slug":"homepage","status":"publish","type":"page","link":"https:\/\/www.woodyparkett.cz\/","title":{"rendered":"Homepage"},"content":{"rendered":"\t\t<div data-elementor-type=\"wp-page\" data-elementor-id=\"62\" class=\"elementor elementor-62\">\n\t\t\t\t<div class=\"elementor-element elementor-element-9acdb03 e-con-full e-flex e-con e-parent\" data-id=\"9acdb03\" data-element_type=\"container\" data-e-type=\"container\" data-settings=\"{&quot;background_background&quot;:&quot;classic&quot;}\">\n\t\t\t\t<div class=\"elementor-element elementor-element-7b17687 elementor-widget__width-inherit elementor-widget elementor-widget-heading\" data-id=\"7b17687\" data-element_type=\"widget\" data-e-type=\"widget\" data-widget_type=\"heading.default\">\n\t\t\t\t\t<h1 class=\"elementor-heading-title elementor-size-default\"><br><br><br><br><br><br><br><b>D\u0159evo v interi\u00e9ru je na\u0161e v\u00e1\u0161e\u0148<br><\/b><br><br><br><br><br><br><br><br><br><br><br><\/h1>\t\t\t\t<\/div>\n\t\t\t\t<\/div>\n\t\t<div class=\"elementor-element elementor-element-df90b40 e-flex e-con-boxed e-con e-parent\" data-id=\"df90b40\" data-element_type=\"container\" data-e-type=\"container\">\n\t\t\t\t\t<div class=\"e-con-inner\">\n\t\t\t\t<div class=\"elementor-element elementor-element-d81192a elementor-widget elementor-widget-text-editor\" data-id=\"d81192a\" data-element_type=\"widget\" data-e-type=\"widget\" data-widget_type=\"text-editor.default\">\n\t\t\t\t\t\t\t\t\t<h3 style=\"text-align: center;\"><span style=\"--darkreader-inline-color: var(--darkreader-text-e8e6e3, #d8d4cf); color: #e8e6e3;\" data-darkreader-inline-color=\"\">Nab\u00edz\u00edme \u0161irok\u00fd v\u00fdb\u011br podlah, dve\u0159\u00ed, klik, teras a dal\u0161\u00edho sortimentu, kter\u00fd v\u00e1m i odborn\u011b nainstalujeme. M\u016f\u017eete si u n\u00e1s nechat vyrobit kuchy\u0148skou linku a dal\u0161\u00ed n\u00e1bytek na m\u00edru a vybavit jej spot\u0159ebi\u010di TEKA s p\u011btiletou z\u00e1rukou.<\/span><\/h3><h3 style=\"text-align: center;\"><span style=\"--darkreader-inline-color: var(--darkreader-text-e8e6e3, #d8d4cf); color: #e8e6e3;\" data-darkreader-inline-color=\"\">M\u00e1me t\u00e9m\u011b\u0159 30 let zku\u0161enost\u00ed, proto v\u00edme, co funguje a co ne, a r\u00e1di v\u00e1m porad\u00edme.<\/span><\/h3><h3 style=\"text-align: center;\"><span style=\"--darkreader-inline-color: var(--darkreader-text-e8e6e3, #d8d4cf); color: #e8e6e3;\" data-darkreader-inline-color=\"\">Velkou \u010d\u00e1st sortimentu najdete u n\u00e1s na vzorkov\u00e9 prodejn\u011b, nevyb\u00edr\u00e1te tedy nic naslepo, ale v\u0161e si m\u016f\u017eete prohl\u00e9dnout.<\/span><\/h3>\t\t\t\t\t\t\t\t<\/div>\n\t\t\t\t\t<\/div>\n\t\t\t\t<\/div>\n\t\t<div class=\"elementor-element elementor-element-304600f e-grid e-con-boxed e-con e-parent\" data-id=\"304600f\" data-element_type=\"container\" data-e-type=\"container\">\n\t\t\t\t\t<div class=\"e-con-inner\">\n\t\t<div class=\"elementor-element elementor-element-4cd90b0 e-con-full e-flex e-con e-child\" data-id=\"4cd90b0\" data-element_type=\"container\" data-e-type=\"container\">\n\t\t<a class=\"elementor-element elementor-element-fe2960d e-con-full imagehover e-flex e-con e-child\" data-id=\"fe2960d\" data-element_type=\"container\" data-e-type=\"container\" data-settings=\"{&quot;background_background&quot;:&quot;classic&quot;}\" href=\"https:\/\/thebestroads.com\/nabizime\/drevene-podlahy\/\">\n\t\t\t\t<div class=\"elementor-element elementor-element-8b896a8 elementor-widget elementor-widget-heading\" data-id=\"8b896a8\" data-element_type=\"widget\" data-e-type=\"widget\" data-widget_type=\"heading.default\">\n\t\t\t\t\t<h3 class=\"elementor-heading-title elementor-size-default\">D\u0159ev\u011bn\u00e9 podlahy<\/h3>\t\t\t\t<\/div>\n\t\t\t\t<\/a>\n\t\t\t\t<\/div>\n\t\t<div class=\"elementor-element elementor-element-93f0be9 e-con-full e-flex e-con e-child\" data-id=\"93f0be9\" data-element_type=\"container\" data-e-type=\"container\">\n\t\t<a class=\"elementor-element elementor-element-d46fd59 e-con-full imagehover e-flex e-con e-child\" data-id=\"d46fd59\" data-element_type=\"container\" data-e-type=\"container\" data-settings=\"{&quot;background_background&quot;:&quot;classic&quot;}\" href=\"https:\/\/thebestroads.com\/nabizime\/vinylove-podlahy\/\">\n\t\t\t\t<div class=\"elementor-element elementor-element-c59bf91 elementor-widget elementor-widget-heading\" data-id=\"c59bf91\" data-element_type=\"widget\" data-e-type=\"widget\" data-widget_type=\"heading.default\">\n\t\t\t\t\t<h3 class=\"elementor-heading-title elementor-size-default\">Vinylov\u00e9 podlahy<\/h3>\t\t\t\t<\/div>\n\t\t\t\t<\/a>\n\t\t\t\t<\/div>\n\t\t<div class=\"elementor-element elementor-element-126746e e-con-full e-flex e-con e-child\" data-id=\"126746e\" data-element_type=\"container\" data-e-type=\"container\">\n\t\t<a class=\"elementor-element elementor-element-86f3e8e e-con-full imagehover e-flex e-con e-child\" data-id=\"86f3e8e\" data-element_type=\"container\" data-e-type=\"container\" data-settings=\"{&quot;background_background&quot;:&quot;classic&quot;}\" href=\"https:\/\/thebestroads.com\/nabizime\/hybridni-podlahy\/\">\n\t\t\t\t<div class=\"elementor-element elementor-element-3502232 elementor-widget elementor-widget-heading\" data-id=\"3502232\" data-element_type=\"widget\" data-e-type=\"widget\" data-widget_type=\"heading.default\">\n\t\t\t\t\t<h3 class=\"elementor-heading-title elementor-size-default\">Hybridn\u00ed podlahy<\/h3>\t\t\t\t<\/div>\n\t\t\t\t<\/a>\n\t\t\t\t<\/div>\n\t\t\t\t\t<\/div>\n\t\t\t\t<\/div>\n\t\t<div class=\"elementor-element elementor-element-9627d4d e-grid e-con-boxed e-con e-parent\" data-id=\"9627d4d\" data-element_type=\"container\" data-e-type=\"container\">\n\t\t\t\t\t<div class=\"e-con-inner\">\n\t\t<div class=\"elementor-element elementor-element-95e771c e-con-full e-flex e-con e-child\" data-id=\"95e771c\" data-element_type=\"container\" data-e-type=\"container\">\n\t\t<a class=\"elementor-element elementor-element-d8dbeb6 e-con-full imagehover e-flex e-con e-child\" data-id=\"d8dbeb6\" data-element_type=\"container\" data-e-type=\"container\" data-settings=\"{&quot;background_background&quot;:&quot;classic&quot;}\" href=\"https:\/\/thebestroads.com\/nabizime\/korkove-a-bambusove-podlahy\/\">\n\t\t\t\t<div class=\"elementor-element elementor-element-9db528d elementor-widget elementor-widget-heading\" data-id=\"9db528d\" data-element_type=\"widget\" data-e-type=\"widget\" data-widget_type=\"heading.default\">\n\t\t\t\t\t<h3 class=\"elementor-heading-title elementor-size-default\">Korkov\u00e9 a bambusov\u00e9 podlahy<\/h3>\t\t\t\t<\/div>\n\t\t\t\t<\/a>\n\t\t\t\t<\/div>\n\t\t<div class=\"elementor-element elementor-element-bdbf7ee e-con-full e-flex e-con e-child\" data-id=\"bdbf7ee\" data-element_type=\"container\" data-e-type=\"container\">\n\t\t<a class=\"elementor-element elementor-element-6b7adb3 e-con-full imagehover e-flex e-con e-child\" data-id=\"6b7adb3\" data-element_type=\"container\" data-e-type=\"container\" data-settings=\"{&quot;background_background&quot;:&quot;classic&quot;}\" href=\"https:\/\/thebestroads.com\/nabizime\/spotrebice-teka\/\">\n\t\t\t\t<div class=\"elementor-element elementor-element-7d5b9e5 elementor-widget elementor-widget-heading\" data-id=\"7d5b9e5\" data-element_type=\"widget\" data-e-type=\"widget\" data-widget_type=\"heading.default\">\n\t\t\t\t\t<h3 class=\"elementor-heading-title elementor-size-default\">Spot\u0159ebi\u010de TEKA<\/h3>\t\t\t\t<\/div>\n\t\t\t\t<\/a>\n\t\t\t\t<\/div>\n\t\t<div class=\"elementor-element elementor-element-e4bd337 e-con-full e-flex e-con e-child\" data-id=\"e4bd337\" data-element_type=\"container\" data-e-type=\"container\">\n\t\t<a class=\"elementor-element elementor-element-b2b608b e-con-full imagehover e-flex e-con e-child\" data-id=\"b2b608b\" data-element_type=\"container\" data-e-type=\"container\" data-settings=\"{&quot;background_background&quot;:&quot;classic&quot;}\" href=\"https:\/\/thebestroads.com\/akcni-sortiment\/\">\n\t\t\t\t<div class=\"elementor-element elementor-element-d148d9c elementor-widget elementor-widget-heading\" data-id=\"d148d9c\" data-element_type=\"widget\" data-e-type=\"widget\" data-widget_type=\"heading.default\">\n\t\t\t\t\t<h3 class=\"elementor-heading-title elementor-size-default\">Ak\u010dn\u00ed sortiment<\/h3>\t\t\t\t<\/div>\n\t\t\t\t<\/a>\n\t\t\t\t<\/div>\n\t\t\t\t\t<\/div>\n\t\t\t\t<\/div>\n\t\t<div class=\"elementor-element elementor-element-a99b368 e-grid e-con-boxed e-con e-parent\" data-id=\"a99b368\" data-element_type=\"container\" data-e-type=\"container\">\n\t\t\t\t\t<div class=\"e-con-inner\">\n\t\t<div class=\"elementor-element elementor-element-3f32b18 e-con-full e-flex e-con e-child\" data-id=\"3f32b18\" data-element_type=\"container\" data-e-type=\"container\">\n\t\t<a class=\"elementor-element elementor-element-9aca6f9 e-con-full imagehover e-flex e-con e-child\" data-id=\"9aca6f9\" data-element_type=\"container\" data-e-type=\"container\" data-settings=\"{&quot;background_background&quot;:&quot;classic&quot;}\" href=\"https:\/\/thebestroads.com\/nabizime\/interierove-dvere\/\">\n\t\t\t\t<div class=\"elementor-element elementor-element-f2daa80 elementor-widget elementor-widget-heading\" data-id=\"f2daa80\" data-element_type=\"widget\" data-e-type=\"widget\" data-widget_type=\"heading.default\">\n\t\t\t\t\t<h3 class=\"elementor-heading-title elementor-size-default\">Interi\u00e9rov\u00e9 dve\u0159e<\/h3>\t\t\t\t<\/div>\n\t\t\t\t<\/a>\n\t\t\t\t<\/div>\n\t\t<div class=\"elementor-element elementor-element-07de211 e-con-full e-flex e-con e-child\" data-id=\"07de211\" data-element_type=\"container\" data-e-type=\"container\">\n\t\t<a class=\"elementor-element elementor-element-d9fefb0 e-con-full imagehover e-flex e-con e-child\" data-id=\"d9fefb0\" data-element_type=\"container\" data-e-type=\"container\" data-settings=\"{&quot;background_background&quot;:&quot;classic&quot;}\" href=\"https:\/\/thebestroads.com\/nabizime\/kliky-a-dverni-kovani\/\">\n\t\t\t\t<div class=\"elementor-element elementor-element-ccd754d elementor-widget elementor-widget-heading\" data-id=\"ccd754d\" data-element_type=\"widget\" data-e-type=\"widget\" data-widget_type=\"heading.default\">\n\t\t\t\t\t<h3 class=\"elementor-heading-title elementor-size-default\">Kliky a dve\u0159n\u00ed kov\u00e1n\u00ed<\/h3>\t\t\t\t<\/div>\n\t\t\t\t<\/a>\n\t\t\t\t<\/div>\n\t\t<div class=\"elementor-element elementor-element-79999cb e-con-full e-flex e-con e-child\" data-id=\"79999cb\" data-element_type=\"container\" data-e-type=\"container\">\n\t\t<a class=\"elementor-element elementor-element-4b64d15 e-con-full imagehover e-flex e-con e-child\" data-id=\"4b64d15\" data-element_type=\"container\" data-e-type=\"container\" data-settings=\"{&quot;background_background&quot;:&quot;classic&quot;}\" href=\"https:\/\/thebestroads.com\/nabizime\/schody\/\">\n\t\t\t\t<div class=\"elementor-element elementor-element-8c54a21 elementor-widget elementor-widget-heading\" data-id=\"8c54a21\" data-element_type=\"widget\" data-e-type=\"widget\" data-widget_type=\"heading.default\">\n\t\t\t\t\t<h3 class=\"elementor-heading-title elementor-size-default\">Schody<\/h3>\t\t\t\t<\/div>\n\t\t\t\t<\/a>\n\t\t\t\t<\/div>\n\t\t\t\t\t<\/div>\n\t\t\t\t<\/div>\n\t\t<div class=\"elementor-element elementor-element-60b5e79 e-grid e-con-boxed e-con e-parent\" data-id=\"60b5e79\" data-element_type=\"container\" data-e-type=\"container\">\n\t\t\t\t\t<div class=\"e-con-inner\">\n\t\t<div class=\"elementor-element elementor-element-895d894 e-con-full e-flex e-con e-child\" data-id=\"895d894\" data-element_type=\"container\" data-e-type=\"container\">\n\t\t<a class=\"elementor-element elementor-element-193305f e-con-full imagehover e-flex e-con e-child\" data-id=\"193305f\" data-element_type=\"container\" data-e-type=\"container\" data-settings=\"{&quot;background_background&quot;:&quot;classic&quot;}\" href=\"https:\/\/thebestroads.com\/nabizime\/terasy\/\">\n\t\t\t\t<div class=\"elementor-element elementor-element-4f285ff elementor-widget elementor-widget-heading\" data-id=\"4f285ff\" data-element_type=\"widget\" data-e-type=\"widget\" data-widget_type=\"heading.default\">\n\t\t\t\t\t<h3 class=\"elementor-heading-title elementor-size-default\">Terasy<\/h3>\t\t\t\t<\/div>\n\t\t\t\t<\/a>\n\t\t\t\t<\/div>\n\t\t<div class=\"elementor-element elementor-element-9b066a3 e-con-full e-flex e-con e-child\" data-id=\"9b066a3\" data-element_type=\"container\" data-e-type=\"container\">\n\t\t<a class=\"elementor-element elementor-element-6a930b5 e-con-full imagehover e-flex e-con e-child\" data-id=\"6a930b5\" data-element_type=\"container\" data-e-type=\"container\" data-settings=\"{&quot;background_background&quot;:&quot;classic&quot;}\" href=\"https:\/\/thebestroads.com\/nabizime\/drevene-interierove-steny\/\">\n\t\t\t\t<div class=\"elementor-element elementor-element-4f9c6d6 elementor-widget elementor-widget-heading\" data-id=\"4f9c6d6\" data-element_type=\"widget\" data-e-type=\"widget\" data-widget_type=\"heading.default\">\n\t\t\t\t\t<h3 class=\"elementor-heading-title elementor-size-default\">D\u0159ev\u011bn\u00e9 i<span style=\"font-size: 1.33333rem;background-color: transparent\">nteri\u00e9rov\u00e9<\/span><span style=\"font-size: 1.33333rem;font-style: inherit;background-color: transparent\"> st\u011bny<\/span><span style=\"font-size: 1.33333rem;font-style: inherit;background-color: transparent\"><\/span><br><\/h3>\t\t\t\t<\/div>\n\t\t\t\t<\/a>\n\t\t\t\t<\/div>\n\t\t<div class=\"elementor-element elementor-element-0b36bcf e-con-full e-flex e-con e-child\" data-id=\"0b36bcf\" data-element_type=\"container\" data-e-type=\"container\">\n\t\t<a class=\"elementor-element elementor-element-67b32ef e-con-full imagehover e-flex e-con e-child\" data-id=\"67b32ef\" data-element_type=\"container\" data-e-type=\"container\" data-settings=\"{&quot;background_background&quot;:&quot;classic&quot;}\" href=\"https:\/\/thebestroads.com\/nabizime\/kuchyne-a-nabytek-na-miru\/\">\n\t\t\t\t<div class=\"elementor-element elementor-element-6eeb82b elementor-widget elementor-widget-heading\" data-id=\"6eeb82b\" data-element_type=\"widget\" data-e-type=\"widget\" data-widget_type=\"heading.default\">\n\t\t\t\t\t<h3 class=\"elementor-heading-title elementor-size-default\">Kuchyn\u011b a n\u00e1bytek na m\u00edru<\/h3>\t\t\t\t<\/div>\n\t\t\t\t<\/a>\n\t\t\t\t<\/div>\n\t\t\t\t\t<\/div>\n\t\t\t\t<\/div>\n\t\t\t\t<\/div>\n\t\t","protected":false},"excerpt":{"rendered":"<p>D\u0159evo v interi\u00e9ru je na\u0161e v\u00e1\u0161e\u0148 Nab\u00edz\u00edme \u0161irok\u00fd v\u00fdb\u011br podlah, dve\u0159\u00ed, klik, teras a dal\u0161\u00edho sortimentu, kter\u00fd v\u00e1m i odborn\u011b [&hellip;]<\/p>\n","protected":false},"author":1,"featured_media":0,"parent":0,"menu_order":0,"comment_status":"closed","ping_status":"closed","template":"elementor_theme","meta":{"site-sidebar-layout":"no-sidebar","site-content-layout":"","ast-site-content-layout":"full-width-container","site-content-style":"default","site-sidebar-style":"default","ast-global-header-display":"","ast-banner-title-visibility":"","ast-main-header-display":"","ast-hfb-above-header-display":"","ast-hfb-below-header-display":"","ast-hfb-mobile-header-display":"","site-post-title":"disabled","ast-breadcrumbs-content":"","ast-featured-img":"disabled","footer-sml-layout":"","ast-disable-related-posts":"","theme-transparent-header-meta":"","adv-header-id-meta":"","stick-header-meta":"","header-above-stick-meta":"","header-main-stick-meta":"","header-below-stick-meta":"","astra-migrate-meta-layouts":"default","ast-page-background-enabled":"default","ast-page-background-meta":{"desktop":{"background-color":"var(--ast-global-color-5)","background-image":"","background-repeat":"repeat","background-position":"center center","background-size":"auto","background-attachment":"scroll","background-type":"","background-media":"","overlay-type":"","overlay-color":"","overlay-opacity":"","overlay-gradient":""},"tablet":{"background-color":"","background-image":"","background-repeat":"repeat","background-position":"center center","background-size":"auto","background-attachment":"scroll","background-type":"","background-media":"","overlay-type":"","overlay-color":"","overlay-opacity":"","overlay-gradient":""},"mobile":{"background-color":"","background-image":"","background-repeat":"repeat","background-position":"center center","background-size":"auto","background-attachment":"scroll","background-type":"","background-media":"","overlay-type":"","overlay-color":"","overlay-opacity":"","overlay-gradient":""}},"ast-content-background-meta":{"desktop":{"background-color":"var(--ast-global-color-4)","background-image":"","background-repeat":"repeat","background-position":"center center","background-size":"auto","background-attachment":"scroll","background-type":"","background-media":"","overlay-type":"","overlay-color":"","overlay-opacity":"","overlay-gradient":""},"tablet":{"background-color":"var(--ast-global-color-4)","background-image":"","background-repeat":"repeat","background-position":"center center","background-size":"auto","background-attachment":"scroll","background-type":"","background-media":"","overlay-type":"","overlay-color":"","overlay-opacity":"","overlay-gradient":""},"mobile":{"background-color":"var(--ast-global-color-4)","background-image":"","background-repeat":"repeat","background-position":"center center","background-size":"auto","background-attachment":"scroll","background-type":"","background-media":"","overlay-type":"","overlay-color":"","overlay-opacity":"","overlay-gradient":""}},"footnotes":""},"class_list":["post-62","page","type-page","status-publish","hentry"],"_links":{"self":[{"href":"https:\/\/www.woodyparkett.cz\/index.php?rest_route=\/wp\/v2\/pages\/62","targetHints":{"allow":["GET"]}}],"collection":[{"href":"https:\/\/www.woodyparkett.cz\/index.php?rest_route=\/wp\/v2\/pages"}],"about":[{"href":"https:\/\/www.woodyparkett.cz\/index.php?rest_route=\/wp\/v2\/types\/page"}],"author":[{"embeddable":true,"href":"https:\/\/www.woodyparkett.cz\/index.php?rest_route=\/wp\/v2\/users\/1"}],"replies":[{"embeddable":true,"href":"https:\/\/www.woodyparkett.cz\/index.php?rest_route=%2Fwp%2Fv2%2Fcomments&post=62"}],"version-history":[{"count":0,"href":"https:\/\/www.woodyparkett.cz\/index.php?rest_route=\/wp\/v2\/pages\/62\/revisions"}],"wp:attachment":[{"href":"https:\/\/www.woodyparkett.cz\/index.php?rest_route=%2Fwp%2Fv2%2Fmedia&parent=62"}],"curies":[{"name":"wp","href":"https:\/\/api.w.org\/{rel}","templated":true}]}}