{"id":579,"date":"2026-03-24T14:53:34","date_gmt":"2026-03-24T14:53:34","guid":{"rendered":"https:\/\/thebestroads.com\/?page_id=579"},"modified":"2026-03-24T14:53:34","modified_gmt":"2026-03-24T14:53:34","slug":"hybridni-podlahy","status":"publish","type":"page","link":"https:\/\/www.woodyparkett.cz\/?page_id=579","title":{"rendered":"Hybridn\u00ed podlahy"},"content":{"rendered":"\t\t<div data-elementor-type=\"wp-page\" data-elementor-id=\"579\" class=\"elementor elementor-579\">\n\t\t\t\t<div class=\"elementor-element elementor-element-7f6ac23 e-flex e-con-boxed e-con e-parent\" data-id=\"7f6ac23\" data-element_type=\"container\" data-e-type=\"container\">\n\t\t\t\t\t<div class=\"e-con-inner\">\n\t\t\t\t<div class=\"elementor-element elementor-element-161da6c elementor-widget elementor-widget-text-editor\" data-id=\"161da6c\" data-element_type=\"widget\" data-e-type=\"widget\" data-widget_type=\"text-editor.default\">\n\t\t\t\t\t\t\t\t\t<p style=\"text-align: center;\">\u00a0<\/p><h3 style=\"scrollbar-color: #454a4d #202324; font-size: 1.33333rem; font-style: normal; color: #0f172a; --darkreader-inline-color: var(--darkreader-text-0f172a, #d6d2cd); text-align: center;\" data-darkreader-inline-color=\"\"><span style=\"scrollbar-color: #454a4d #202324; color: #ffffff; font-style: inherit; --darkreader-inline-color: var(--darkreader-text-ffffff, #e8e6e3);\" data-darkreader-inline-color=\"\">Hybridn\u00ed podlahy<\/span><\/h3><p style=\"text-align: center;\"><span style=\"color: #ffffff; --darkreader-inline-color: var(--darkreader-text-ffffff, #e8e6e3);\" data-darkreader-inline-color=\"\">Hybridn\u00ed podlaha je inovativn\u00ed \u0159e\u0161en\u00ed, kter\u00e9 spojuje p\u0159irozenou kr\u00e1su d\u0159eva s pokro\u010dilou technologi\u00ed; d\u0159ev\u011bn\u00e1 vrstva dod\u00e1v\u00e1 interi\u00e9ru eleganci a teplo, zat\u00edmco miner\u00e1ln\u00ed j\u00e1dro zaru\u010duje odolnost proti vlhkosti a po\u0161kozen\u00ed. Je v\u00fdjime\u010dn\u011b odoln\u00e1 proti od\u011bru, mikro\u0161kr\u00e1banc\u016fm a skvrn\u00e1m d\u00edky ultraodoln\u00e9mu laku,\u00a0 j\u00e1dro <strong>DENSCORE PRO<\/strong> j\u00ed zaji\u0161\u0165uje vysokou odolnost proti prom\u00e1\u010dknut\u00ed<\/span><span style=\"color: #ffffff; font-style: inherit; font-weight: inherit; --darkreader-inline-color: var(--darkreader-text-ffffff, #e8e6e3);\" data-darkreader-inline-color=\"\">. Je vhodn\u00e1 na v\u0161echny typy podlahov\u00e9ho vyt\u00e1p\u011bn\u00ed, v\u010detn\u011b topn\u00fdch roho\u017e\u00ed na infra\u010derven\u00e9 z\u00e1\u0159en\u00ed.<\/span><\/p><p style=\"text-align: center;\"><span style=\"color: #ffffff; --darkreader-inline-color: var(--darkreader-text-ffffff, #e8e6e3);\" data-darkreader-inline-color=\"\">\u00a0<\/span><\/p><p style=\"text-align: center;\"><span style=\"color: #ffffff; --darkreader-inline-color: var(--darkreader-text-ffffff, #e8e6e3);\" data-darkreader-inline-color=\"\">Hybridn\u00ed podlaha je ur\u010den\u00e1 pro z\u00e1kazn\u00edka:<\/span><br \/><span style=\"color: #ffffff; --darkreader-inline-color: var(--darkreader-text-ffffff, #e8e6e3);\" data-darkreader-inline-color=\"\">&#8211; Hledaj\u00edc\u00edho odolnou a tichou podlahu\u00a0<\/span><br \/><span style=\"color: #ffffff; --darkreader-inline-color: var(--darkreader-text-ffffff, #e8e6e3);\" data-darkreader-inline-color=\"\">&#8211; Miluj\u00edc\u00edho p\u0159\u00edrodn\u00ed materi\u00e1ly, nejen na pohled, ale i na dotyk<\/span><br \/><span style=\"color: #ffffff; --darkreader-inline-color: var(--darkreader-text-ffffff, #e8e6e3);\" data-darkreader-inline-color=\"\">&#8211; Zohled\u0148uj\u00edc\u00edho ekologick\u00fd p\u0159\u00ednos d\u00edky vyu\u017eit\u00ed vysok\u00e9ho objemu obnobiteln\u00fdch zdroj\u016f<\/span><\/p>\t\t\t\t\t\t\t\t<\/div>\n\t\t\t\t\t<\/div>\n\t\t\t\t<\/div>\n\t\t<div class=\"elementor-element elementor-element-866dc8f e-flex e-con-boxed e-con e-parent\" data-id=\"866dc8f\" data-element_type=\"container\" data-e-type=\"container\">\n\t\t\t\t\t<div class=\"e-con-inner\">\n\t\t\t\t<div class=\"elementor-element elementor-element-5a1ec5f elementor-widget elementor-widget-text-editor\" data-id=\"5a1ec5f\" data-element_type=\"widget\" data-e-type=\"widget\" data-widget_type=\"text-editor.default\">\n\t\t\t\t\t\t\t\t\t<h3 style=\"font-style: normal; color: #0f172a; --darkreader-inline-color: var(--darkreader-text-0f172a, #d6d2cd); text-align: center;\" data-darkreader-inline-color=\"\"><span style=\"color: #ffffff; font-style: inherit; font-size: 23.9999px; --darkreader-inline-color: var(--darkreader-text-ffffff, #e8e6e3);\" data-darkreader-inline-color=\"\">Jak hybridn\u00ed podlahu vybrat<\/span><\/h3><p style=\"text-align: center;\"><span style=\"font-style: inherit; font-weight: inherit; color: #ffffff; --darkreader-inline-color: var(--darkreader-text-ffffff, #e8e6e3);\" data-darkreader-inline-color=\"\">V\u00fdb\u011br druhu d\u0159eva a jeho odst\u00ednu jsou jen n\u011bkter\u00e1 z krit\u00e9ri\u00ed, podle kter\u00e9ho se budete rozhodovat. D\u00e1le byste m\u011bli zv\u00e1\u017eit konstrukci lamely, velikost jednotliv\u00fdch lamel, v\u00fd\u0161ku n\u00e1\u0161lapn\u00e9 vrstvy a povrchovou \u00fapravu. S v\u00fdb\u011brem V\u00e1m r\u00e1di porad\u00edme, t\u0159eba u n\u00e1s na<\/span><span style=\"font-style: inherit; font-weight: inherit;\">\u00a0<\/span><a style=\"font-style: inherit; font-weight: inherit; background-color: #1a1c1d; --darkreader-inline-bgcolor: var(--darkreader-background-1a1c1d, #151617);\" href=\"https:\/\/thebestroads.com\/prodejna\/\" target=\"_blank\" rel=\"noopener\" data-darkreader-inline-bgcolor=\"\">prodejn\u011b<\/a><span style=\"font-style: inherit; font-weight: inherit;\">. <\/span><span style=\"font-style: inherit; font-weight: inherit; color: #ffffff; --darkreader-inline-color: var(--darkreader-text-ffffff, #e8e6e3);\" data-darkreader-inline-color=\"\">Podrobn\u00e9ho pr\u016fvodce s v\u00fdb\u011brem d\u0159ev\u011bn\u00e9 podlahy najdete<\/span><span style=\"font-style: inherit; font-weight: inherit;\">\u00a0<\/span><a style=\"font-style: inherit; font-weight: inherit; background-color: #1a1c1d; --darkreader-inline-bgcolor: var(--darkreader-background-1a1c1d, #151617);\" href=\"https:\/\/thebestroads.com\/nabizime\/drevene-podlahy\/vyber-drevene-podlahy\/\" target=\"_blank\" rel=\"noopener\" data-darkreader-inline-bgcolor=\"\">zde<\/a><span style=\"font-style: inherit; font-weight: inherit;\">.<\/span><\/p><div style=\"text-align: center;\">\u00a0<\/div>\t\t\t\t\t\t\t\t<\/div>\n\t\t\t\t\t<\/div>\n\t\t\t\t<\/div>\n\t\t<div class=\"elementor-element elementor-element-a4eb00a e-flex e-con-boxed e-con e-parent\" data-id=\"a4eb00a\" data-element_type=\"container\" data-e-type=\"container\">\n\t\t\t\t\t<div class=\"e-con-inner\">\n\t\t<div class=\"elementor-element elementor-element-84b8998 e-grid e-con-full e-con e-child\" data-id=\"84b8998\" data-element_type=\"container\" data-e-type=\"container\">\n\t\t<div class=\"elementor-element elementor-element-7fdc00b e-con-full e-flex e-con e-child\" data-id=\"7fdc00b\" data-element_type=\"container\" data-e-type=\"container\">\n\t\t\t\t<div class=\"elementor-element elementor-element-5721c34 elementor-widget elementor-widget-text-editor\" data-id=\"5721c34\" data-element_type=\"widget\" data-e-type=\"widget\" data-widget_type=\"text-editor.default\">\n\t\t\t\t\t\t\t\t\t<h3><span style=\"color: #ffffff; font-style: inherit; --darkreader-inline-color: var(--darkreader-text-ffffff, #e8e6e3);\" data-darkreader-inline-color=\"\"><u>Podlahy Barlinek<\/u><\/span><\/h3><p><span style=\"--darkreader-inline-color: var(--darkreader-text-e8e6e3, #d8d4cf); color: #e8e6e3;\" data-darkreader-inline-color=\"\">Podlaha zna\u010dky Smart Wood kombinuje tradi\u010dn\u00ed d\u0159evo a modern\u00ed materi\u00e1ly. Spojuje bezpe\u010dnost s ekologi\u00ed \u2014 vznik\u00e1 v syst\u00e9mu ZERO WASTE, je<br \/>protiskluzov\u00e1, tich\u00e1 (sni\u017euje hluk o 50 %), zdrav\u00e1 a obt\u00ed\u017en\u011b ho\u0159lav\u00e1.<\/span><\/p><p><span style=\"color: #ffffff; --darkreader-inline-color: var(--darkreader-text-ffffff, #e8e6e3);\" data-darkreader-inline-color=\"\">Zaji\u0161\u0165uje pevnou oporu, umo\u017e\u0148uje mont\u00e1\u017e t\u011b\u017ek\u00fdch vestaveb bez dilatace, co\u017e dovoluje vytvo\u0159it jednotnou plochu v cel\u00e9m dom\u011b.<\/span><\/p>\t\t\t\t\t\t\t\t<\/div>\n\t\t\t\t<\/div>\n\t\t\t\t<div class=\"elementor-element elementor-element-c1d6a5e elementor-widget elementor-widget-image\" data-id=\"c1d6a5e\" data-element_type=\"widget\" data-e-type=\"widget\" data-widget_type=\"image.default\">\n\t\t\t\t\t\t\t\t\t\t\t\t\t\t\t<img decoding=\"async\" src=\"http:\/\/thebestroads.com\/wp-content\/uploads\/2026\/04\/hybrid-podlaha-barlinek.webp\" title=\"\" alt=\"\" loading=\"lazy\" \/>\t\t\t\t\t\t\t\t\t\t\t\t\t\t\t<\/div>\n\t\t\t\t<\/div>\n\t\t\t\t\t<\/div>\n\t\t\t\t<\/div>\n\t\t<div class=\"elementor-element elementor-element-1bbd521 e-flex e-con-boxed e-con e-parent\" data-id=\"1bbd521\" data-element_type=\"container\" data-e-type=\"container\">\n\t\t\t\t\t<div class=\"e-con-inner\">\n\t\t\t\t<div class=\"elementor-element elementor-element-9c2441c elementor-widget elementor-widget-text-editor\" data-id=\"9c2441c\" data-element_type=\"widget\" data-e-type=\"widget\" data-widget_type=\"text-editor.default\">\n\t\t\t\t\t\t\t\t\t<h5><span style=\"color: #ffffff; --darkreader-inline-color: var(--darkreader-text-ffffff, #e8e6e3);\" data-darkreader-inline-color=\"\">Uk\u00e1zka podlah Barlinek<\/span><\/h5>\t\t\t\t\t\t\t\t<\/div>\n\t\t\t\t\t<\/div>\n\t\t\t\t<\/div>\n\t\t<div class=\"elementor-element elementor-element-874fc0a e-grid e-con-full e-con e-parent\" data-id=\"874fc0a\" data-element_type=\"container\" data-e-type=\"container\">\n\t\t<div class=\"elementor-element elementor-element-c82f1a7 e-con-full e-flex e-con e-child\" data-id=\"c82f1a7\" data-element_type=\"container\" data-e-type=\"container\">\n\t\t<div class=\"elementor-element elementor-element-1315d75 e-grid e-con-full e-con e-child\" data-id=\"1315d75\" data-element_type=\"container\" data-e-type=\"container\">\n\t\t\t\t<div class=\"elementor-element elementor-element-e66a90b elementor-widget elementor-widget-image-gallery\" data-id=\"e66a90b\" data-element_type=\"widget\" data-e-type=\"widget\" data-widget_type=\"image-gallery.default\">\n\t\t\t\t\t\t\t<div class=\"elementor-image-gallery\">\n\t\t\t\t\t<\/div>\n\t\t\t\t\t\t<\/div>\n\t\t\t\t<div class=\"elementor-element elementor-element-fe365e2 elementor-widget elementor-widget-text-editor\" data-id=\"fe365e2\" data-element_type=\"widget\" data-e-type=\"widget\" data-widget_type=\"text-editor.default\">\n\t\t\t\t\t\t\t\t\t<p style=\"text-align: center;\"><span style=\"color: #ffffff;\" data-darkreader-inline-color=\"\">P\u0159irozen\u00e1 dubov\u00e1 podlaha s jemn\u011b zv\u00fdrazn\u011bn\u00fdmi vlastnostmi d\u0159eva. Kart\u00e1\u010dovan\u00fd povrch kr\u00e1sn\u011b vynik\u00e1 kresbou letokruh\u016f, \u010d\u00edm\u017e podlaze dod\u00e1v\u00e1 autentick\u00fd charakter a u\u0161lechtil\u00fd vzhled.<\/span><\/p>\t\t\t\t\t\t\t\t<\/div>\n\t\t\t\t<\/div>\n\t\t\t\t<\/div>\n\t\t<div class=\"elementor-element elementor-element-3c70dfb e-con-full e-flex e-con e-child\" data-id=\"3c70dfb\" data-element_type=\"container\" data-e-type=\"container\">\n\t\t<div class=\"elementor-element elementor-element-53a02fe e-grid e-con-full e-con e-child\" data-id=\"53a02fe\" data-element_type=\"container\" data-e-type=\"container\">\n\t\t\t\t<div class=\"elementor-element elementor-element-9f66b93 elementor-widget elementor-widget-image-gallery\" data-id=\"9f66b93\" data-element_type=\"widget\" data-e-type=\"widget\" data-widget_type=\"image-gallery.default\">\n\t\t\t\t\t\t\t<div class=\"elementor-image-gallery\">\n\t\t\t\t\t<\/div>\n\t\t\t\t\t\t<\/div>\n\t\t\t\t<div class=\"elementor-element elementor-element-6afe6a3 elementor-widget elementor-widget-text-editor\" data-id=\"6afe6a3\" data-element_type=\"widget\" data-e-type=\"widget\" data-widget_type=\"text-editor.default\">\n\t\t\t\t\t\t\t\t\t<p style=\"text-align: center;\"><span style=\"color: #ffffff;\" data-darkreader-inline-color=\"\">Dubov\u00e1 podlaha v klasick\u00e9m strome\u010dku s jemn\u00fdm kr\u00e9mov\u00fdm odst\u00ednem vn\u00e1\u0161\u00ed do interi\u00e9ru teplo a harmonii. Sv\u011btl\u00e9 d\u0159evo prosv\u011btluje prostor, a kart\u00e1\u010dovan\u00e1 textura zv\u00fdraz\u0148uje p\u0159irozen\u00fd vzor letokruh\u016f.<\/span><\/p>\t\t\t\t\t\t\t\t<\/div>\n\t\t\t\t<\/div>\n\t\t\t\t<\/div>\n\t\t<div class=\"elementor-element elementor-element-a9e5a7a e-con-full e-flex e-con e-child\" data-id=\"a9e5a7a\" data-element_type=\"container\" data-e-type=\"container\">\n\t\t<div class=\"elementor-element elementor-element-757b185 e-grid e-con-full e-con e-child\" data-id=\"757b185\" data-element_type=\"container\" data-e-type=\"container\">\n\t\t\t\t<div class=\"elementor-element elementor-element-5442d72 elementor-widget elementor-widget-image-gallery\" data-id=\"5442d72\" data-element_type=\"widget\" data-e-type=\"widget\" data-widget_type=\"image-gallery.default\">\n\t\t\t\t\t\t\t<div class=\"elementor-image-gallery\">\n\t\t\t\t\t<\/div>\n\t\t\t\t\t\t<\/div>\n\t\t\t\t<div class=\"elementor-element elementor-element-a69495a elementor-widget elementor-widget-text-editor\" data-id=\"a69495a\" data-element_type=\"widget\" data-e-type=\"widget\" data-widget_type=\"text-editor.default\">\n\t\t\t\t\t\t\t\t\t<p style=\"text-align: center;\"><span style=\"color: #ffffff; --darkreader-inline-color: var(--darkreader-text-ffffff, #e8e6e3);\" data-darkreader-inline-color=\"\">Dubov\u00e1 podlaha v tepl\u00e9m odst\u00ednu antick\u00e9ho hn\u011bd\u00e9ho, spojuj\u00edc\u00ed klasick\u00fd styl s odolnost\u00ed. Kart\u00e1\u010dovan\u00e9 desky zv\u00fdraz\u0148uj\u00ed p\u0159irozen\u00fd vzor letokruh\u016f a u\u0161lechtilou strukturu d\u0159eva.<\/span><\/p>\t\t\t\t\t\t\t\t<\/div>\n\t\t\t\t<\/div>\n\t\t\t\t<\/div>\n\t\t\t\t<\/div>\n\t\t\t\t<\/div>\n\t\t","protected":false},"excerpt":{"rendered":"<p>\u00a0 Hybridn\u00ed podlahy Hybridn\u00ed podlaha je inovativn\u00ed \u0159e\u0161en\u00ed, kter\u00e9 spojuje p\u0159irozenou kr\u00e1su d\u0159eva s pokro\u010dilou technologi\u00ed; d\u0159ev\u011bn\u00e1 vrstva dod\u00e1v\u00e1 interi\u00e9ru [&hellip;]<\/p>\n","protected":false},"author":1,"featured_media":0,"parent":288,"menu_order":0,"comment_status":"closed","ping_status":"closed","template":"","meta":{"site-sidebar-layout":"no-sidebar","site-content-layout":"","ast-site-content-layout":"full-width-container","site-content-style":"default","site-sidebar-style":"default","ast-global-header-display":"","ast-banner-title-visibility":"","ast-main-header-display":"","ast-hfb-above-header-display":"","ast-hfb-below-header-display":"","ast-hfb-mobile-header-display":"","site-post-title":"disabled","ast-breadcrumbs-content":"","ast-featured-img":"disabled","footer-sml-layout":"","ast-disable-related-posts":"","theme-transparent-header-meta":"","adv-header-id-meta":"","stick-header-meta":"","header-above-stick-meta":"","header-main-stick-meta":"","header-below-stick-meta":"","astra-migrate-meta-layouts":"default","ast-page-background-enabled":"default","ast-page-background-meta":{"desktop":{"background-color":"var(--ast-global-color-5)","background-image":"","background-repeat":"repeat","background-position":"center center","background-size":"auto","background-attachment":"scroll","background-type":"","background-media":"","overlay-type":"","overlay-color":"","overlay-opacity":"","overlay-gradient":""},"tablet":{"background-color":"","background-image":"","background-repeat":"repeat","background-position":"center center","background-size":"auto","background-attachment":"scroll","background-type":"","background-media":"","overlay-type":"","overlay-color":"","overlay-opacity":"","overlay-gradient":""},"mobile":{"background-color":"","background-image":"","background-repeat":"repeat","background-position":"center center","background-size":"auto","background-attachment":"scroll","background-type":"","background-media":"","overlay-type":"","overlay-color":"","overlay-opacity":"","overlay-gradient":""}},"ast-content-background-meta":{"desktop":{"background-color":"var(--ast-global-color-4)","background-image":"","background-repeat":"repeat","background-position":"center center","background-size":"auto","background-attachment":"scroll","background-type":"","background-media":"","overlay-type":"","overlay-color":"","overlay-opacity":"","overlay-gradient":""},"tablet":{"background-color":"var(--ast-global-color-4)","background-image":"","background-repeat":"repeat","background-position":"center center","background-size":"auto","background-attachment":"scroll","background-type":"","background-media":"","overlay-type":"","overlay-color":"","overlay-opacity":"","overlay-gradient":""},"mobile":{"background-color":"var(--ast-global-color-4)","background-image":"","background-repeat":"repeat","background-position":"center center","background-size":"auto","background-attachment":"scroll","background-type":"","background-media":"","overlay-type":"","overlay-color":"","overlay-opacity":"","overlay-gradient":""}},"footnotes":""},"class_list":["post-579","page","type-page","status-publish","hentry"],"_links":{"self":[{"href":"https:\/\/www.woodyparkett.cz\/index.php?rest_route=\/wp\/v2\/pages\/579","targetHints":{"allow":["GET"]}}],"collection":[{"href":"https:\/\/www.woodyparkett.cz\/index.php?rest_route=\/wp\/v2\/pages"}],"about":[{"href":"https:\/\/www.woodyparkett.cz\/index.php?rest_route=\/wp\/v2\/types\/page"}],"author":[{"embeddable":true,"href":"https:\/\/www.woodyparkett.cz\/index.php?rest_route=\/wp\/v2\/users\/1"}],"replies":[{"embeddable":true,"href":"https:\/\/www.woodyparkett.cz\/index.php?rest_route=%2Fwp%2Fv2%2Fcomments&post=579"}],"version-history":[{"count":0,"href":"https:\/\/www.woodyparkett.cz\/index.php?rest_route=\/wp\/v2\/pages\/579\/revisions"}],"up":[{"embeddable":true,"href":"https:\/\/www.woodyparkett.cz\/index.php?rest_route=\/wp\/v2\/pages\/288"}],"wp:attachment":[{"href":"https:\/\/www.woodyparkett.cz\/index.php?rest_route=%2Fwp%2Fv2%2Fmedia&parent=579"}],"curies":[{"name":"wp","href":"https:\/\/api.w.org\/{rel}","templated":true}]}}