{"id":304,"date":"2026-03-22T12:14:42","date_gmt":"2026-03-22T12:14:42","guid":{"rendered":"https:\/\/thebestroads.com\/?page_id=304"},"modified":"2026-03-22T12:14:42","modified_gmt":"2026-03-22T12:14:42","slug":"korkove-a-bambusove-podlahy","status":"publish","type":"page","link":"https:\/\/www.woodyparkett.cz\/?page_id=304","title":{"rendered":"Korkov\u00e9 a bambusov\u00e9 podlahy"},"content":{"rendered":"\t\t<div data-elementor-type=\"wp-page\" data-elementor-id=\"304\" class=\"elementor elementor-304\">\n\t\t\t\t<div class=\"elementor-element elementor-element-9e13a2b e-flex e-con-boxed e-con e-parent\" data-id=\"9e13a2b\" data-element_type=\"container\" data-e-type=\"container\">\n\t\t\t\t\t<div class=\"e-con-inner\">\n\t\t\t\t<div class=\"elementor-element elementor-element-3181295 elementor-widget elementor-widget-text-editor\" data-id=\"3181295\" data-element_type=\"widget\" data-e-type=\"widget\" data-widget_type=\"text-editor.default\">\n\t\t\t\t\t\t\t\t\t<p style=\"text-align: center;\">\u00a0<\/p><h3 style=\"scrollbar-color: #454a4d #202324; font-size: 1.33333rem; font-style: normal; color: #0f172a; --darkreader-inline-color: var(--darkreader-text-0f172a, #d6d2cd); text-align: center;\" data-darkreader-inline-color=\"\"><span style=\"scrollbar-color: #454a4d #202324; color: #ffffff; font-style: inherit; --darkreader-inline-color: var(--darkreader-text-ffffff, #e8e6e3);\" data-darkreader-inline-color=\"\">Korkov\u00e9 a bambusov\u00e9 podlahy<\/span><\/h3><p style=\"text-align: center;\"><span style=\"color: #ffffff; --darkreader-inline-color: var(--darkreader-text-ffffff, #e8e6e3);\" data-darkreader-inline-color=\"\">Korkov\u00e9 a bambusov\u00e9 podlahy jsou \u010dasto opom\u00edjen\u00e9 a p\u0159itom nepr\u00e1v\u011bm. Korkov\u00e1 podlaha je ekologick\u00e1, hypoalergenn\u00ed, tlum\u00ed zvuk a izoluje teplo, nen\u00ed n\u00e1ro\u010dn\u00e1 na \u00fadr\u017ebu a lze ji renovovat. Tak\u00e9 bambusov\u00e9 podlahy nab\u00edz\u00ed podobn\u00e9 vlastnosti, jsou hypoalergenn\u00ed, snadn\u00e9 na \u00fadr\u017ebu a s dlouhou \u017eivotnost\u00ed, odoln\u00e9 proti \u0161k\u016fdc\u016fm a redukuj\u00ed hluk.<\/span><\/p>\t\t\t\t\t\t\t\t<\/div>\n\t\t\t\t\t<\/div>\n\t\t\t\t<\/div>\n\t\t<div class=\"elementor-element elementor-element-8647210 e-flex e-con-boxed e-con e-parent\" data-id=\"8647210\" data-element_type=\"container\" data-e-type=\"container\">\n\t\t\t\t\t<div class=\"e-con-inner\">\n\t\t\t\t<div class=\"elementor-element elementor-element-a9db9d1 elementor-widget elementor-widget-text-editor\" data-id=\"a9db9d1\" data-element_type=\"widget\" data-e-type=\"widget\" data-widget_type=\"text-editor.default\">\n\t\t\t\t\t\t\t\t\t<h3 style=\"font-style: normal; color: #0f172a; --darkreader-inline-color: var(--darkreader-text-0f172a, #d6d2cd); text-align: center;\" data-darkreader-inline-color=\"\"><span style=\"color: #ffffff; font-style: inherit; font-size: 23.9999px; --darkreader-inline-color: var(--darkreader-text-ffffff, #e8e6e3);\" data-darkreader-inline-color=\"\">Jak podlahu vybrat<\/span><\/h3><p style=\"text-align: center;\"><span style=\"color: #ffffff;\" data-darkreader-inline-color=\"\">Cena a v\u00fdb\u011br druhu povrchu a jeho odst\u00ednu jsou jen n\u011bkter\u00e1 z krit\u00e9ri\u00ed, podle kter\u00e9ho se budete rozhodovat. Nap\u0159\u00edklad ne ka\u017ed\u00e1 podlaha se hod\u00ed k popul\u00e1rn\u00edmu podlahov\u00e9mu vyt\u00e1p\u011bn\u00ed. D\u00e1le byste m\u011bli zv\u00e1\u017eit konstrukci lamely, velikost jednotliv\u00fdch lamel, v\u00fd\u0161ku n\u00e1\u0161lapn\u00e9 vrstvy, styl povrchu nebo druh povrchov\u00e9 \u00fapravy. S v\u00fdb\u011brem V\u00e1m r\u00e1di porad\u00edme, t\u0159eba u n\u00e1s na<\/span>\u00a0<a href=\"https:\/\/thebestroads.com\/prodejna\/\" target=\"_blank\" rel=\"noopener\">prodejn\u011b<\/a>. <span style=\"color: #ffffff; --darkreader-inline-color: var(--darkreader-text-ffffff, #e8e6e3);\" data-darkreader-inline-color=\"\">Podrobn\u00e9ho pr\u016fvodce s v\u00fdb\u011brem podlahy najdete<\/span>\u00a0<a href=\"https:\/\/thebestroads.com\/nabizime\/drevene-podlahy\/vyber-drevene-podlahy\/\" target=\"_blank\" rel=\"noopener\">zde<\/a>.<\/p><div style=\"text-align: center;\">\u00a0<\/div>\t\t\t\t\t\t\t\t<\/div>\n\t\t\t\t\t<\/div>\n\t\t\t\t<\/div>\n\t\t<div class=\"elementor-element elementor-element-52266ae e-flex e-con-boxed e-con e-parent\" data-id=\"52266ae\" data-element_type=\"container\" data-e-type=\"container\">\n\t\t\t\t\t<div class=\"e-con-inner\">\n\t\t<div class=\"elementor-element elementor-element-a4c0dc2 e-grid e-con-full e-con e-child\" data-id=\"a4c0dc2\" data-element_type=\"container\" data-e-type=\"container\">\n\t\t<div class=\"elementor-element elementor-element-61bc2dd e-con-full e-flex e-con e-child\" data-id=\"61bc2dd\" data-element_type=\"container\" data-e-type=\"container\">\n\t\t\t\t<div class=\"elementor-element elementor-element-4eab8ae elementor-widget elementor-widget-text-editor\" data-id=\"4eab8ae\" data-element_type=\"widget\" data-e-type=\"widget\" data-widget_type=\"text-editor.default\">\n\t\t\t\t\t\t\t\t\t<h3><span style=\"color: #ffffff; font-style: inherit; --darkreader-inline-color: var(--darkreader-text-ffffff, #e8e6e3);\" data-darkreader-inline-color=\"\"><u>Korkov\u00e9 podlahy Jel\u00ednek<\/u><\/span><\/h3><p><span style=\"color: #ffffff; --darkreader-inline-color: var(--darkreader-text-ffffff, #e8e6e3);\" data-darkreader-inline-color=\"\">\u010cesk\u00e1 firma s histori\u00ed od roku 1855. V jejich portf\u00f3liu najdete v\u0161e od podlah a\u017e po obklady nebo prost\u00edr\u00e1n\u00ed a z\u00e1tky.\u00a0<\/span><span style=\"color: #ffffff; font-style: inherit; font-weight: inherit;\">V nab\u00eddce naleznete plovouc\u00ed i lepen\u00e9 korkov\u00e9 podlahy.<\/span><\/p>\t\t\t\t\t\t\t\t<\/div>\n\t\t\t\t<\/div>\n\t\t\t\t<div class=\"elementor-element elementor-element-dbea15e elementor-widget elementor-widget-image\" data-id=\"dbea15e\" data-element_type=\"widget\" data-e-type=\"widget\" data-widget_type=\"image.default\">\n\t\t\t\t\t\t\t\t\t\t\t\t\t\t\t<img decoding=\"async\" src=\"http:\/\/thebestroads.com\/wp-content\/uploads\/2026\/04\/podlaha-korek-1.jpg\" title=\"\" alt=\"\" loading=\"lazy\" \/>\t\t\t\t\t\t\t\t\t\t\t\t\t\t\t<\/div>\n\t\t\t\t<\/div>\n\t\t\t\t\t<\/div>\n\t\t\t\t<\/div>\n\t\t<div class=\"elementor-element elementor-element-57a5768 e-flex e-con-boxed e-con e-parent\" data-id=\"57a5768\" data-element_type=\"container\" data-e-type=\"container\">\n\t\t\t\t\t<div class=\"e-con-inner\">\n\t\t\t\t<div class=\"elementor-element elementor-element-deb3864 elementor-widget elementor-widget-text-editor\" data-id=\"deb3864\" data-element_type=\"widget\" data-e-type=\"widget\" data-widget_type=\"text-editor.default\">\n\t\t\t\t\t\t\t\t\t<h5><span style=\"color: #ffffff;\" data-darkreader-inline-color=\"\">Uk\u00e1zka podlah Korek Jel\u00ednek<\/span><\/h5>\t\t\t\t\t\t\t\t<\/div>\n\t\t\t\t\t<\/div>\n\t\t\t\t<\/div>\n\t\t<div class=\"elementor-element elementor-element-ca76eab e-grid e-con-full e-con e-parent\" data-id=\"ca76eab\" data-element_type=\"container\" data-e-type=\"container\">\n\t\t<div class=\"elementor-element elementor-element-57dfd99 e-con-full e-flex e-con e-child\" data-id=\"57dfd99\" data-element_type=\"container\" data-e-type=\"container\">\n\t\t<div class=\"elementor-element elementor-element-a53848a e-grid e-con-full e-con e-child\" data-id=\"a53848a\" data-element_type=\"container\" data-e-type=\"container\">\n\t\t\t\t<div class=\"elementor-element elementor-element-54865be elementor-widget elementor-widget-image-gallery\" data-id=\"54865be\" data-element_type=\"widget\" data-e-type=\"widget\" data-widget_type=\"image-gallery.default\">\n\t\t\t\t\t\t\t<div class=\"elementor-image-gallery\">\n\t\t\t\t\t<\/div>\n\t\t\t\t\t\t<\/div>\n\t\t\t\t<div class=\"elementor-element elementor-element-56439c3 elementor-widget elementor-widget-text-editor\" data-id=\"56439c3\" data-element_type=\"widget\" data-e-type=\"widget\" data-widget_type=\"text-editor.default\">\n\t\t\t\t\t\t\t\t\t<p style=\"text-align: center;\"><span style=\"color: #ffffff;\">Korkov\u00e1 lepen\u00e1 podlaha d\u00edky sv\u00e9 tvarov\u00e9 st\u00e1losti a nulov\u00e9 nas\u00e1kavosti ide\u00e1ln\u011b nahrad\u00ed studenou keramickou \u010di kamennou dla\u017ebu v m\u00edstnostech, jak\u00fdmi jsou kuchy\u0148 \u010di koupelna. V\u00fdb\u011br dekor\u016f stejn\u011b jako variabilita barevn\u00fdch \u00faprav v\u00e1m nab\u00edz\u00ed mnoho mo\u017enost\u00ed, jak sladit podlahu \u010di obklad s interi\u00e9rem.<\/span><\/p>\t\t\t\t\t\t\t\t<\/div>\n\t\t\t\t<\/div>\n\t\t\t\t<\/div>\n\t\t<div class=\"elementor-element elementor-element-de4cf3a e-con-full e-flex e-con e-child\" data-id=\"de4cf3a\" data-element_type=\"container\" data-e-type=\"container\">\n\t\t<div class=\"elementor-element elementor-element-05fcd4f e-grid e-con-full e-con e-child\" data-id=\"05fcd4f\" data-element_type=\"container\" data-e-type=\"container\">\n\t\t\t\t<div class=\"elementor-element elementor-element-4d4415c elementor-widget elementor-widget-image-gallery\" data-id=\"4d4415c\" data-element_type=\"widget\" data-e-type=\"widget\" data-widget_type=\"image-gallery.default\">\n\t\t\t\t\t\t\t<div class=\"elementor-image-gallery\">\n\t\t\t\t\t<\/div>\n\t\t\t\t\t\t<\/div>\n\t\t\t\t<div class=\"elementor-element elementor-element-3757be6 elementor-widget elementor-widget-text-editor\" data-id=\"3757be6\" data-element_type=\"widget\" data-e-type=\"widget\" data-widget_type=\"text-editor.default\">\n\t\t\t\t\t\t\t\t\t<p style=\"text-align: center;\"><span style=\"color: #ffffff;\">D\u00edky korku, ze kter\u00e9ho jsou podlahy Corkline v p\u0159ev\u00e1\u017en\u00e9 m\u00ed\u0159e vyrobeny, z\u00edsk\u00e1v\u00e1 Va\u0161e podlaha bezkonkuren\u010dn\u00ed vlastnosti tepeln\u00e9 a zvukov\u00e9 izolace. D\u00edky korku z\u016fst\u00e1v\u00e1 podlaha tepl\u00e1 a je velmi p\u0159\u00edjemn\u00e1 na dotek a p\u0159i ch\u016fzi.\u00a0<span style=\"text-align: start; font-size: 1rem;\">Korku tak\u00e9 nevad\u00ed st\u0159\u00edd\u00e1n\u00ed teplot, je chemicky neutr\u00e1ln\u00ed a antistatick\u00fd.<\/span><\/span><\/p>\t\t\t\t\t\t\t\t<\/div>\n\t\t\t\t<\/div>\n\t\t\t\t<\/div>\n\t\t<div class=\"elementor-element elementor-element-656acf0 e-con-full e-flex e-con e-child\" data-id=\"656acf0\" data-element_type=\"container\" data-e-type=\"container\">\n\t\t<div class=\"elementor-element elementor-element-deb4ee2 e-grid e-con-full e-con e-child\" data-id=\"deb4ee2\" data-element_type=\"container\" data-e-type=\"container\">\n\t\t\t\t<div class=\"elementor-element elementor-element-fae44af elementor-widget elementor-widget-image-gallery\" data-id=\"fae44af\" data-element_type=\"widget\" data-e-type=\"widget\" data-widget_type=\"image-gallery.default\">\n\t\t\t\t\t\t\t<div class=\"elementor-image-gallery\">\n\t\t\t\t\t<\/div>\n\t\t\t\t\t\t<\/div>\n\t\t\t\t<div class=\"elementor-element elementor-element-6d61c95 elementor-widget elementor-widget-text-editor\" data-id=\"6d61c95\" data-element_type=\"widget\" data-e-type=\"widget\" data-widget_type=\"text-editor.default\">\n\t\t\t\t\t\t\t\t\t<p style=\"text-align: center;\"><span style=\"color: #ffffff;\">Korek udr\u017euje teplo, tlum\u00ed hluk a sv\u00fdmi p\u0159irozen\u00fdmi p\u0159\u00edrodn\u00edmi vlastnostmi zabra\u0148uje vzniku pl\u00edsn\u00ed a \u0161\u00ed\u0159en\u00ed bakteri\u00ed, \u010d\u00edm\u017e vytv\u00e1\u0159\u00ed zdrav\u00e9 prost\u0159ed\u00ed. Je odoln\u00fd proti n\u00e1razu a zat\u00ed\u017een\u00ed, snadno udr\u017eovateln\u00fd. P\u0159i pou\u017eit\u00ed vhodn\u00e9ho laku je to materi\u00e1l vhodn\u00fd i do koupelen, saun, chodeb, kuchyn\u00ed a na schodi\u0161t\u011b.<\/span><\/p>\t\t\t\t\t\t\t\t<\/div>\n\t\t\t\t<\/div>\n\t\t\t\t<\/div>\n\t\t\t\t<\/div>\n\t\t<div class=\"elementor-element elementor-element-7674cf2 e-flex e-con-boxed e-con e-parent\" data-id=\"7674cf2\" data-element_type=\"container\" data-e-type=\"container\">\n\t\t\t\t\t<div class=\"e-con-inner\">\n\t\t<div class=\"elementor-element elementor-element-d649252 e-grid e-con-full e-con e-child\" data-id=\"d649252\" data-element_type=\"container\" data-e-type=\"container\">\n\t\t<div class=\"elementor-element elementor-element-656f9e0 e-con-full e-flex e-con e-child\" data-id=\"656f9e0\" data-element_type=\"container\" data-e-type=\"container\">\n\t\t\t\t<div class=\"elementor-element elementor-element-4a84fea elementor-widget elementor-widget-text-editor\" data-id=\"4a84fea\" data-element_type=\"widget\" data-e-type=\"widget\" data-widget_type=\"text-editor.default\">\n\t\t\t\t\t\t\t\t\t<h3><span style=\"color: #ffffff; font-style: inherit; --darkreader-inline-color: var(--darkreader-text-ffffff, #e8e6e3);\" data-darkreader-inline-color=\"\"><u>Bambusov\u00e9 podlahy<\/u><\/span><\/h3><p>\u00a0<\/p>\t\t\t\t\t\t\t\t<\/div>\n\t\t\t\t<\/div>\n\t\t\t\t<div class=\"elementor-element elementor-element-e0a69ff elementor-widget elementor-widget-image\" data-id=\"e0a69ff\" data-element_type=\"widget\" data-e-type=\"widget\" data-widget_type=\"image.default\">\n\t\t\t\t\t\t\t\t\t\t\t\t\t\t\t<img decoding=\"async\" src=\"http:\/\/thebestroads.com\/wp-content\/uploads\/2026\/04\/podlaha-bambus.png\" title=\"\" alt=\"\" loading=\"lazy\" \/>\t\t\t\t\t\t\t\t\t\t\t\t\t\t\t<\/div>\n\t\t\t\t<\/div>\n\t\t\t\t\t<\/div>\n\t\t\t\t<\/div>\n\t\t<div class=\"elementor-element elementor-element-0a959cf e-flex e-con-boxed e-con e-parent\" data-id=\"0a959cf\" data-element_type=\"container\" data-e-type=\"container\">\n\t\t\t\t\t<div class=\"e-con-inner\">\n\t\t\t\t<div class=\"elementor-element elementor-element-8b972ce elementor-widget elementor-widget-text-editor\" data-id=\"8b972ce\" data-element_type=\"widget\" data-e-type=\"widget\" data-widget_type=\"text-editor.default\">\n\t\t\t\t\t\t\t\t\t<h5><span style=\"color: #ffffff;\" data-darkreader-inline-color=\"\">Uk\u00e1zka bambusov\u00fdch podlah<\/span><\/h5>\t\t\t\t\t\t\t\t<\/div>\n\t\t<div class=\"elementor-element elementor-element-b6b507b e-grid e-con-full e-con e-child\" data-id=\"b6b507b\" data-element_type=\"container\" data-e-type=\"container\">\n\t\t<div class=\"elementor-element elementor-element-7fc8f25 e-con-full e-flex e-con e-child\" data-id=\"7fc8f25\" data-element_type=\"container\" data-e-type=\"container\">\n\t\t<div class=\"elementor-element elementor-element-17008b6 e-grid e-con-full e-con e-child\" data-id=\"17008b6\" data-element_type=\"container\" data-e-type=\"container\">\n\t\t\t\t<div class=\"elementor-element elementor-element-49c0403 elementor-widget elementor-widget-text-editor\" data-id=\"49c0403\" data-element_type=\"widget\" data-e-type=\"widget\" data-widget_type=\"text-editor.default\">\n\t\t\t\t\t\t\t\t\t<p style=\"text-align: center;\"><span style=\"color: #ffffff;\">&#8230;<\/span><\/p>\t\t\t\t\t\t\t\t<\/div>\n\t\t\t\t<\/div>\n\t\t\t\t<\/div>\n\t\t<div class=\"elementor-element elementor-element-d9f15be e-con-full e-flex e-con e-child\" data-id=\"d9f15be\" data-element_type=\"container\" data-e-type=\"container\">\n\t\t<div class=\"elementor-element elementor-element-c32bda6 e-grid e-con-full e-con e-child\" data-id=\"c32bda6\" data-element_type=\"container\" data-e-type=\"container\">\n\t\t\t\t<div class=\"elementor-element elementor-element-8063791 elementor-widget elementor-widget-text-editor\" data-id=\"8063791\" data-element_type=\"widget\" data-e-type=\"widget\" data-widget_type=\"text-editor.default\">\n\t\t\t\t\t\t\t\t\t<p style=\"text-align: center;\"><span style=\"color: #ffffff;\">&#8230;<\/span><\/p>\t\t\t\t\t\t\t\t<\/div>\n\t\t\t\t<\/div>\n\t\t\t\t<\/div>\n\t\t<div class=\"elementor-element elementor-element-20438f5 e-con-full e-flex e-con e-child\" data-id=\"20438f5\" data-element_type=\"container\" data-e-type=\"container\">\n\t\t<div class=\"elementor-element elementor-element-6156727 e-grid e-con-full e-con e-child\" data-id=\"6156727\" data-element_type=\"container\" data-e-type=\"container\">\n\t\t\t\t<div class=\"elementor-element elementor-element-1fa5d31 elementor-widget elementor-widget-text-editor\" data-id=\"1fa5d31\" data-element_type=\"widget\" data-e-type=\"widget\" data-widget_type=\"text-editor.default\">\n\t\t\t\t\t\t\t\t\t<p style=\"text-align: center;\"><span style=\"color: #ffffff;\">&#8230;<\/span><\/p>\t\t\t\t\t\t\t\t<\/div>\n\t\t\t\t<\/div>\n\t\t\t\t<\/div>\n\t\t\t\t<\/div>\n\t\t\t\t\t<\/div>\n\t\t\t\t<\/div>\n\t\t\t\t<\/div>\n\t\t","protected":false},"excerpt":{"rendered":"<p>\u00a0 Korkov\u00e9 a bambusov\u00e9 podlahy Korkov\u00e9 a bambusov\u00e9 podlahy jsou \u010dasto opom\u00edjen\u00e9 a p\u0159itom nepr\u00e1v\u011bm. Korkov\u00e1 podlaha je ekologick\u00e1, hypoalergenn\u00ed, [&hellip;]<\/p>\n","protected":false},"author":1,"featured_media":0,"parent":288,"menu_order":0,"comment_status":"closed","ping_status":"closed","template":"","meta":{"site-sidebar-layout":"no-sidebar","site-content-layout":"","ast-site-content-layout":"full-width-container","site-content-style":"default","site-sidebar-style":"default","ast-global-header-display":"","ast-banner-title-visibility":"","ast-main-header-display":"","ast-hfb-above-header-display":"","ast-hfb-below-header-display":"","ast-hfb-mobile-header-display":"","site-post-title":"disabled","ast-breadcrumbs-content":"","ast-featured-img":"disabled","footer-sml-layout":"","ast-disable-related-posts":"","theme-transparent-header-meta":"","adv-header-id-meta":"","stick-header-meta":"","header-above-stick-meta":"","header-main-stick-meta":"","header-below-stick-meta":"","astra-migrate-meta-layouts":"default","ast-page-background-enabled":"default","ast-page-background-meta":{"desktop":{"background-color":"var(--ast-global-color-5)","background-image":"","background-repeat":"repeat","background-position":"center center","background-size":"auto","background-attachment":"scroll","background-type":"","background-media":"","overlay-type":"","overlay-color":"","overlay-opacity":"","overlay-gradient":""},"tablet":{"background-color":"","background-image":"","background-repeat":"repeat","background-position":"center center","background-size":"auto","background-attachment":"scroll","background-type":"","background-media":"","overlay-type":"","overlay-color":"","overlay-opacity":"","overlay-gradient":""},"mobile":{"background-color":"","background-image":"","background-repeat":"repeat","background-position":"center center","background-size":"auto","background-attachment":"scroll","background-type":"","background-media":"","overlay-type":"","overlay-color":"","overlay-opacity":"","overlay-gradient":""}},"ast-content-background-meta":{"desktop":{"background-color":"var(--ast-global-color-4)","background-image":"","background-repeat":"repeat","background-position":"center center","background-size":"auto","background-attachment":"scroll","background-type":"","background-media":"","overlay-type":"","overlay-color":"","overlay-opacity":"","overlay-gradient":""},"tablet":{"background-color":"var(--ast-global-color-4)","background-image":"","background-repeat":"repeat","background-position":"center center","background-size":"auto","background-attachment":"scroll","background-type":"","background-media":"","overlay-type":"","overlay-color":"","overlay-opacity":"","overlay-gradient":""},"mobile":{"background-color":"var(--ast-global-color-4)","background-image":"","background-repeat":"repeat","background-position":"center center","background-size":"auto","background-attachment":"scroll","background-type":"","background-media":"","overlay-type":"","overlay-color":"","overlay-opacity":"","overlay-gradient":""}},"footnotes":""},"class_list":["post-304","page","type-page","status-publish","hentry"],"_links":{"self":[{"href":"https:\/\/www.woodyparkett.cz\/index.php?rest_route=\/wp\/v2\/pages\/304","targetHints":{"allow":["GET"]}}],"collection":[{"href":"https:\/\/www.woodyparkett.cz\/index.php?rest_route=\/wp\/v2\/pages"}],"about":[{"href":"https:\/\/www.woodyparkett.cz\/index.php?rest_route=\/wp\/v2\/types\/page"}],"author":[{"embeddable":true,"href":"https:\/\/www.woodyparkett.cz\/index.php?rest_route=\/wp\/v2\/users\/1"}],"replies":[{"embeddable":true,"href":"https:\/\/www.woodyparkett.cz\/index.php?rest_route=%2Fwp%2Fv2%2Fcomments&post=304"}],"version-history":[{"count":0,"href":"https:\/\/www.woodyparkett.cz\/index.php?rest_route=\/wp\/v2\/pages\/304\/revisions"}],"up":[{"embeddable":true,"href":"https:\/\/www.woodyparkett.cz\/index.php?rest_route=\/wp\/v2\/pages\/288"}],"wp:attachment":[{"href":"https:\/\/www.woodyparkett.cz\/index.php?rest_route=%2Fwp%2Fv2%2Fmedia&parent=304"}],"curies":[{"name":"wp","href":"https:\/\/api.w.org\/{rel}","templated":true}]}}