{"id":298,"date":"2026-03-22T12:13:05","date_gmt":"2026-03-22T12:13:05","guid":{"rendered":"https:\/\/thebestroads.com\/?page_id=298"},"modified":"2026-03-22T12:13:05","modified_gmt":"2026-03-22T12:13:05","slug":"kliky-a-dverni-kovani","status":"publish","type":"page","link":"https:\/\/www.woodyparkett.cz\/?page_id=298","title":{"rendered":"Kliky a dve\u0159n\u00ed kov\u00e1n\u00ed"},"content":{"rendered":"\t\t<div data-elementor-type=\"wp-page\" data-elementor-id=\"298\" class=\"elementor elementor-298\">\n\t\t\t\t<div class=\"elementor-element elementor-element-eccd25d e-flex e-con-boxed e-con e-parent\" data-id=\"eccd25d\" data-element_type=\"container\" data-e-type=\"container\">\n\t\t\t\t\t<div class=\"e-con-inner\">\n\t\t\t\t<div class=\"elementor-element elementor-element-909da7e elementor-widget elementor-widget-text-editor\" data-id=\"909da7e\" data-element_type=\"widget\" data-e-type=\"widget\" data-widget_type=\"text-editor.default\">\n\t\t\t\t\t\t\t\t\t<h3 style=\"text-align: center;\"><span style=\"color: #ffffff;\">Kliky a dve\u0159n\u00ed kov\u00e1n\u00ed<\/span><\/h3><h5 style=\"text-align: center;\"><span style=\"color: #ffffff;\">P\u0159i\u010fte si k n\u00e1m na prodejnu vybrat kliky ke sv\u00fdm dve\u0159\u00edm. V\u00fdb\u011br jen podle vzhledu na internetu V\u00e1m neposkytne ten pocit, kter\u00fd budete m\u00edt, a\u017e si na kliku \u0161\u00e1hnete. Budete se jich dot\u00fdkat ka\u017ed\u00fd den. Proto nev\u00e1hejte a nav\u0161tivte n\u00e1s.<\/span><\/h5><h5 style=\"text-align: center;\"><span style=\"color: #ffffff;\">Nab\u00edz\u00edme \u0161irok\u00fd v\u00fdb\u011br \u0161t\u00edtov\u00fdch i rozetov\u00fdch klik od r\u016fzn\u00fdch v\u00fdrobc\u016f.<\/span><\/h5><h5 class=\"zelena-barva\" style=\"text-align: center;\"><span style=\"color: #ffffff;\">&#8211; Kliky \u00fasporn\u00e9 i luxusn\u00ed, t\u0159eba z \u010desk\u00e9ho k\u0159i\u0161\u0165\u00e1lu\u00a0<\/span><br \/><span style=\"color: #ffffff;\">&#8211; Kliky z p\u0159\u00edrodn\u00edch materi\u00e1l\u016f, ze d\u0159eva nebo skla<\/span><br \/><span style=\"color: #ffffff;\">&#8211; Kliky s integrovan\u00fdm uzav\u00edr\u00e1n\u00edm<\/span><\/h5>\t\t\t\t\t\t\t\t<\/div>\n\t\t\t\t\t<\/div>\n\t\t\t\t<\/div>\n\t\t<div class=\"elementor-element elementor-element-72ed3b1 e-grid e-con-boxed e-con e-parent\" data-id=\"72ed3b1\" data-element_type=\"container\" data-e-type=\"container\">\n\t\t\t\t\t<div class=\"e-con-inner\">\n\t\t\t\t<div class=\"elementor-element elementor-element-062c338 elementor-widget elementor-widget-text-editor\" data-id=\"062c338\" data-element_type=\"widget\" data-e-type=\"widget\" data-widget_type=\"text-editor.default\">\n\t\t\t\t\t\t\t\t\t<h3><span style=\"text-decoration: underline; color: #ffffff;\"><strong>Kliky od MP Kov\u00e1n\u00ed<\/strong><\/span><\/h3><h5><span style=\"color: #ffffff;\">\u010cesk\u00fd specialista na kliky a dve\u0159n\u00ed kov\u00e1n\u00ed s t\u00e9m\u011br dvacetiletou tradic\u00ed.<\/span><\/h5><h5><span style=\"color: #ffffff;\"><strong class=\"zelena-barva\">+<\/strong>\u00a0Pom\u011br cena\/kvalita<\/span><br \/><span style=\"color: #ffffff;\"><strong class=\"zelena-barva\">+<\/strong>\u00a0Rychl\u00e9 dod\u00e1n\u00ed<\/span><br \/><span style=\"color: #ffffff;\"><strong><span class=\"zelena-barva\">+<\/span><\/strong>\u00a0Vzorky u n\u00e1s na prodejn\u011b<\/span><\/h5><h5><span style=\"color: #ffffff;\">V nab\u00eddce kliky \u0161t\u00edtov\u00e9 i rozetov\u00e9, v\u010detn\u011b mnoha dal\u0161\u00edch variant.<\/span><br \/><a title=\"Woodyparkett - Katalog MP Kov\u00e1n\u00ed\" href=\"https:\/\/www.mp-kovani.cz\/files\/katalogy\/MP_Katalogy\/2025_IMPRESSA-PERFECTA-GRANDERA.pdf\" target=\"_blank\" rel=\"noopener\">\u2192 Katalog MP Kov\u00e1n\u00ed<\/a><\/h5>\t\t\t\t\t\t\t\t<\/div>\n\t\t\t\t<div class=\"elementor-element elementor-element-50bbdd5 elementor-widget elementor-widget-image\" data-id=\"50bbdd5\" data-element_type=\"widget\" data-e-type=\"widget\" data-widget_type=\"image.default\">\n\t\t\t\t\t\t\t\t\t\t\t\t\t\t\t<img fetchpriority=\"high\" decoding=\"async\" width=\"400\" height=\"200\" src=\"https:\/\/www.woodyparkett.cz\/wp-content\/uploads\/2026\/03\/Kliky-MPK-2.png\" class=\"attachment-large size-large wp-image-371\" alt=\"\" srcset=\"https:\/\/www.woodyparkett.cz\/wp-content\/uploads\/2026\/03\/Kliky-MPK-2.png 400w, https:\/\/www.woodyparkett.cz\/wp-content\/uploads\/2026\/03\/Kliky-MPK-2-300x150.png 300w\" sizes=\"(max-width: 400px) 100vw, 400px\" \/>\t\t\t\t\t\t\t\t\t\t\t\t\t\t\t<\/div>\n\t\t\t\t<div class=\"elementor-element elementor-element-5f02991 elementor-widget elementor-widget-text-editor\" data-id=\"5f02991\" data-element_type=\"widget\" data-e-type=\"widget\" data-widget_type=\"text-editor.default\">\n\t\t\t\t\t\t\t\t\t<h3><span style=\"text-decoration: underline; color: #ffffff;\"><strong>Kliky Holar<\/strong><\/span><\/h3><h5><span style=\"color: #ffffff;\">Vedle tradi\u010dn\u00edho designu nab\u00edz\u00ed firma Holar i zak\u00e1zkovou v\u00fdrobu.<\/span><\/h5><h5><span style=\"color: #ffffff;\"><strong class=\"zelena-barva\">+<\/strong> Jsou velmi kvalitn\u00ed<\/span><br \/><span style=\"color: #ffffff;\"><strong class=\"zelena-barva\">+<\/strong> Um\u011bj\u00ed zareagovat i na neatypickou popt\u00e1vku<\/span><br \/><span style=\"color: #ffffff;\"><strong><span class=\"zelena-barva\">+<\/span><\/strong>\u00a0Kliky ze skla, k\u0159\u00ed\u0161\u0165\u00e1lu i d\u0159eva.<\/span><\/h5><h5><span style=\"color: #ffffff;\">V nab\u00eddce nejen kliky pro uspokojen\u00ed i nejn\u00e1ro\u010dn\u011bj\u0161\u00edho z\u00e1kazn\u00edka.<\/span><br \/><a title=\"Woodyparkett - Katalog Kliky Holar\" href=\"https:\/\/www.holar.biz\/wp-content\/uploads\/2025\/01\/TIP-2025_web.pdf\" target=\"_blank\" rel=\"noopener\">\u2192 Katalog Holar<\/a><sup><br \/><\/sup><\/h5>\t\t\t\t\t\t\t\t<\/div>\n\t\t\t\t<div class=\"elementor-element elementor-element-5ecf0c8 elementor-widget elementor-widget-image\" data-id=\"5ecf0c8\" data-element_type=\"widget\" data-e-type=\"widget\" data-widget_type=\"image.default\">\n\t\t\t\t\t\t\t\t\t\t\t\t\t\t\t<img decoding=\"async\" width=\"400\" height=\"200\" src=\"https:\/\/www.woodyparkett.cz\/wp-content\/uploads\/2026\/03\/Kliky-Holar-2.png\" class=\"attachment-large size-large wp-image-370\" alt=\"\" srcset=\"https:\/\/www.woodyparkett.cz\/wp-content\/uploads\/2026\/03\/Kliky-Holar-2.png 400w, https:\/\/www.woodyparkett.cz\/wp-content\/uploads\/2026\/03\/Kliky-Holar-2-300x150.png 300w\" sizes=\"(max-width: 400px) 100vw, 400px\" \/>\t\t\t\t\t\t\t\t\t\t\t\t\t\t\t<\/div>\n\t\t\t\t<div class=\"elementor-element elementor-element-ede204d elementor-widget elementor-widget-text-editor\" data-id=\"ede204d\" data-element_type=\"widget\" data-e-type=\"widget\" data-widget_type=\"text-editor.default\">\n\t\t\t\t\t\t\t\t\t<h3><span style=\"text-decoration: underline; color: #ffffff;\"><strong>Kliky a kov\u00e1n\u00ed COBRA<\/strong><\/span><\/h3><h5><span style=\"color: #ffffff;\">Jeden z nejv\u011bt\u0161\u00edch \u010desk\u00fdch v\u00fdrobc\u016f dve\u0159n\u00edch klik a kov\u00e1n\u00ed. P\u0159es 30 let zku\u0161enost\u00ed. Tradi\u010dn\u00ed i designov\u00e9 produkty.\u00a0<\/span><\/h5><h5><span style=\"color: #ffffff;\"><strong class=\"zelena-barva\">+<\/strong> Maj\u00ed vysokou kvalitu zpracov\u00e1n\u00ed<\/span><br \/><span style=\"color: #ffffff;\"><strong class=\"zelena-barva\">+<\/strong>\u00a0V\u00fdroba i podle vlastn\u00edch po\u017eadavk\u016f<\/span><br \/><span style=\"color: #ffffff;\"><strong><span class=\"zelena-barva\">+<\/span><\/strong>\u00a010-ti let\u00e1 z\u00e1ruka proti korozi<\/span><br \/><a title=\"Woodyparkett - Katalog kliky COBRA\" href=\"https:\/\/www.cobrakovani.cz\/data\/original\/ke-stazeni\/katalogy\/katalog-cobra-33-2023.pdf\" target=\"_blank\" rel=\"noopener\">\u2192 Katalog COBRA<\/a><sup><br \/><\/sup><\/h5>\t\t\t\t\t\t\t\t<\/div>\n\t\t\t\t<div class=\"elementor-element elementor-element-972c569 elementor-widget elementor-widget-image\" data-id=\"972c569\" data-element_type=\"widget\" data-e-type=\"widget\" data-widget_type=\"image.default\">\n\t\t\t\t\t\t\t\t\t\t\t\t\t\t\t<img decoding=\"async\" width=\"400\" height=\"200\" src=\"https:\/\/www.woodyparkett.cz\/wp-content\/uploads\/2026\/03\/Kliky-Cobra-2.png\" class=\"attachment-large size-large wp-image-369\" alt=\"\" srcset=\"https:\/\/www.woodyparkett.cz\/wp-content\/uploads\/2026\/03\/Kliky-Cobra-2.png 400w, https:\/\/www.woodyparkett.cz\/wp-content\/uploads\/2026\/03\/Kliky-Cobra-2-300x150.png 300w\" sizes=\"(max-width: 400px) 100vw, 400px\" \/>\t\t\t\t\t\t\t\t\t\t\t\t\t\t\t<\/div>\n\t\t\t\t<div class=\"elementor-element elementor-element-1b7197e elementor-widget elementor-widget-text-editor\" data-id=\"1b7197e\" data-element_type=\"widget\" data-e-type=\"widget\" data-widget_type=\"text-editor.default\">\n\t\t\t\t\t\t\t\t\t<h3><span style=\"text-decoration: underline; color: #ffffff;\"><strong>Kliky a kov\u00e1n\u00ed TWIN<\/strong><\/span><\/h3><h5><span style=\"color: #ffffff;\">V\u00edce jak 30 let pro V\u00e1s vyv\u00edj\u00ed dve\u0159n\u00ed kliky a kov\u00e1n\u00ed\u00a0ve spolupr\u00e1ci s p\u0159edn\u00edmi evropsk\u00fdmi v\u00fdrobci. \u0160irok\u00e1 nab\u00eddka klasick\u00fdch i designov\u00fdch produkt\u016f.<\/span><\/h5><h5><span style=\"color: #ffffff;\">+\u00a0Schopnost reagovat i na atypick\u00e1 p\u0159\u00e1n\u00ed z\u00e1kazn\u00edk\u016f \u0161irok\u00fdm spektrem designov\u00fdch model\u016f<\/span><br \/><span style=\"color: #ffffff;\">+\u00a0R\u016fzn\u00e9 povrchov\u00e9 \u00fapravy, bezpe\u010dnostn\u00edho kov\u00e1n\u00ed na vstupn\u00ed\u00a0dve\u0159e<\/span><br \/><span style=\"color: #ffffff;\"><span class=\"zelena-barva\">+<\/span>\u00a0P\u0159es t\u0159i des\u00edtky let zku\u0161enost\u00ed<\/span><br \/><a title=\"Woodyparkett - Katalog kliky TWIN\" href=\"https:\/\/www.twin.cz\/katalog.html\" target=\"_blank\" rel=\"noopener\">\u2192 Katalog TWIN<\/a><\/h5>\t\t\t\t\t\t\t\t<\/div>\n\t\t\t\t<div class=\"elementor-element elementor-element-6d0be91 elementor-widget elementor-widget-image\" data-id=\"6d0be91\" data-element_type=\"widget\" data-e-type=\"widget\" data-widget_type=\"image.default\">\n\t\t\t\t\t\t\t\t\t\t\t\t\t\t\t<img loading=\"lazy\" decoding=\"async\" width=\"400\" height=\"200\" src=\"https:\/\/www.woodyparkett.cz\/wp-content\/uploads\/2026\/03\/Kliky-Twist-2.png\" class=\"attachment-large size-large wp-image-372\" alt=\"\" srcset=\"https:\/\/www.woodyparkett.cz\/wp-content\/uploads\/2026\/03\/Kliky-Twist-2.png 400w, https:\/\/www.woodyparkett.cz\/wp-content\/uploads\/2026\/03\/Kliky-Twist-2-300x150.png 300w\" sizes=\"(max-width: 400px) 100vw, 400px\" \/>\t\t\t\t\t\t\t\t\t\t\t\t\t\t\t<\/div>\n\t\t\t\t\t<\/div>\n\t\t\t\t<\/div>\n\t\t\t\t<\/div>\n\t\t","protected":false},"excerpt":{"rendered":"<p>Kliky a dve\u0159n\u00ed kov\u00e1n\u00ed P\u0159i\u010fte si k n\u00e1m na prodejnu vybrat kliky ke sv\u00fdm dve\u0159\u00edm. V\u00fdb\u011br jen podle vzhledu na [&hellip;]<\/p>\n","protected":false},"author":1,"featured_media":0,"parent":288,"menu_order":0,"comment_status":"closed","ping_status":"closed","template":"","meta":{"site-sidebar-layout":"no-sidebar","site-content-layout":"","ast-site-content-layout":"full-width-container","site-content-style":"default","site-sidebar-style":"default","ast-global-header-display":"","ast-banner-title-visibility":"","ast-main-header-display":"","ast-hfb-above-header-display":"","ast-hfb-below-header-display":"","ast-hfb-mobile-header-display":"","site-post-title":"disabled","ast-breadcrumbs-content":"","ast-featured-img":"disabled","footer-sml-layout":"","ast-disable-related-posts":"","theme-transparent-header-meta":"","adv-header-id-meta":"","stick-header-meta":"","header-above-stick-meta":"","header-main-stick-meta":"","header-below-stick-meta":"","astra-migrate-meta-layouts":"default","ast-page-background-enabled":"default","ast-page-background-meta":{"desktop":{"background-color":"var(--ast-global-color-5)","background-image":"","background-repeat":"repeat","background-position":"center center","background-size":"auto","background-attachment":"scroll","background-type":"","background-media":"","overlay-type":"","overlay-color":"","overlay-opacity":"","overlay-gradient":""},"tablet":{"background-color":"","background-image":"","background-repeat":"repeat","background-position":"center center","background-size":"auto","background-attachment":"scroll","background-type":"","background-media":"","overlay-type":"","overlay-color":"","overlay-opacity":"","overlay-gradient":""},"mobile":{"background-color":"","background-image":"","background-repeat":"repeat","background-position":"center center","background-size":"auto","background-attachment":"scroll","background-type":"","background-media":"","overlay-type":"","overlay-color":"","overlay-opacity":"","overlay-gradient":""}},"ast-content-background-meta":{"desktop":{"background-color":"var(--ast-global-color-4)","background-image":"","background-repeat":"repeat","background-position":"center center","background-size":"auto","background-attachment":"scroll","background-type":"","background-media":"","overlay-type":"","overlay-color":"","overlay-opacity":"","overlay-gradient":""},"tablet":{"background-color":"var(--ast-global-color-4)","background-image":"","background-repeat":"repeat","background-position":"center center","background-size":"auto","background-attachment":"scroll","background-type":"","background-media":"","overlay-type":"","overlay-color":"","overlay-opacity":"","overlay-gradient":""},"mobile":{"background-color":"var(--ast-global-color-4)","background-image":"","background-repeat":"repeat","background-position":"center center","background-size":"auto","background-attachment":"scroll","background-type":"","background-media":"","overlay-type":"","overlay-color":"","overlay-opacity":"","overlay-gradient":""}},"footnotes":""},"class_list":["post-298","page","type-page","status-publish","hentry"],"_links":{"self":[{"href":"https:\/\/www.woodyparkett.cz\/index.php?rest_route=\/wp\/v2\/pages\/298","targetHints":{"allow":["GET"]}}],"collection":[{"href":"https:\/\/www.woodyparkett.cz\/index.php?rest_route=\/wp\/v2\/pages"}],"about":[{"href":"https:\/\/www.woodyparkett.cz\/index.php?rest_route=\/wp\/v2\/types\/page"}],"author":[{"embeddable":true,"href":"https:\/\/www.woodyparkett.cz\/index.php?rest_route=\/wp\/v2\/users\/1"}],"replies":[{"embeddable":true,"href":"https:\/\/www.woodyparkett.cz\/index.php?rest_route=%2Fwp%2Fv2%2Fcomments&post=298"}],"version-history":[{"count":0,"href":"https:\/\/www.woodyparkett.cz\/index.php?rest_route=\/wp\/v2\/pages\/298\/revisions"}],"up":[{"embeddable":true,"href":"https:\/\/www.woodyparkett.cz\/index.php?rest_route=\/wp\/v2\/pages\/288"}],"wp:attachment":[{"href":"https:\/\/www.woodyparkett.cz\/index.php?rest_route=%2Fwp%2Fv2%2Fmedia&parent=298"}],"curies":[{"name":"wp","href":"https:\/\/api.w.org\/{rel}","templated":true}]}}