{"id":296,"date":"2026-03-22T12:12:39","date_gmt":"2026-03-22T12:12:39","guid":{"rendered":"https:\/\/thebestroads.com\/?page_id=296"},"modified":"2026-03-22T12:12:39","modified_gmt":"2026-03-22T12:12:39","slug":"interierove-dvere","status":"publish","type":"page","link":"https:\/\/www.woodyparkett.cz\/?page_id=296","title":{"rendered":"Interi\u00e9rov\u00e9 dve\u0159e"},"content":{"rendered":"\t\t<div data-elementor-type=\"wp-page\" data-elementor-id=\"296\" class=\"elementor elementor-296\">\n\t\t\t\t<div class=\"elementor-element elementor-element-b7477c7 e-flex e-con-boxed e-con e-parent\" data-id=\"b7477c7\" data-element_type=\"container\" data-e-type=\"container\">\n\t\t\t\t\t<div class=\"e-con-inner\">\n\t\t\t\t<div class=\"elementor-element elementor-element-40e9594 elementor-widget elementor-widget-text-editor\" data-id=\"40e9594\" data-element_type=\"widget\" data-e-type=\"widget\" data-widget_type=\"text-editor.default\">\n\t\t\t\t\t\t\t\t\t<h3 style=\"text-align: center;\"><span style=\"color: #ffffff;\">Interi\u00e9rov\u00e9 dve\u0159e<\/span><\/h3><h5 style=\"text-align: center;\"><span style=\"color: #ffffff;\">Dve\u0159e se z\u00e1rubn\u011bmi a podlaha by se m\u011bly vyb\u00edrat spole\u010dn\u011b. Na\u0161e nab\u00eddka uspokoj\u00ed i toho nejn\u00e1ro\u010dn\u011bj\u0161\u00edho z\u00e1kazn\u00edka:<span style=\"font-style: inherit; font-weight: inherit;\">\u00a0<\/span><\/span><\/h5><h5 class=\"zelena-barva\" style=\"text-align: center;\"><span style=\"color: #ffffff;\">&#8211; Hledaj\u00edc\u00edho jedin\u011b\u010dn\u00fd desighn nebo \u00faspornou variantu\u00a0<\/span><br \/><span style=\"color: #ffffff;\">&#8211; Miluj\u00edc\u00edho p\u0159\u00edrodn\u00ed materi\u00e1ly, nab\u00edz\u00edme dve\u0159e i z masivn\u00edho d\u0159eva nebo ze skla<\/span><br \/><span style=\"color: #ffffff;\">&#8211; Pot\u0159ebuj\u00edc\u00edho dve\u0159e i neatypick\u00e9ho rozm\u011bru, nech\u00e1me vyrobit na zak\u00e1zku<\/span><\/h5><h5 style=\"text-align: center;\"><span style=\"color: #000000;\"><span style=\"color: #ffffff;\">&#8230; poj\u010fme si nab\u00eddku na\u0161ich dve\u0159\u00ed p\u0159edstavit<\/span><strong><span style=\"font-size: 12pt;\"><br \/><\/span><\/strong><\/span><\/h5>\t\t\t\t\t\t\t\t<\/div>\n\t\t<div class=\"elementor-element elementor-element-d90e173 e-grid e-con-full e-con e-child\" data-id=\"d90e173\" data-element_type=\"container\" data-e-type=\"container\">\n\t\t\t\t<div class=\"elementor-element elementor-element-ee3cb23 elementor-widget elementor-widget-text-editor\" data-id=\"ee3cb23\" data-element_type=\"widget\" data-e-type=\"widget\" data-widget_type=\"text-editor.default\">\n\t\t\t\t\t\t\t\t\t<h3><span style=\"text-decoration: underline; color: #ffffff;\"><strong>Dve\u0159e VASCO<\/strong><\/span><\/h3><h5><span style=\"color: #ffffff;\">Dve\u0159e VASCO DOORS stav\u00ed na dobr\u00e9 kvalit\u011b za slu\u0161nou cenu a hlavn\u011b dod\u00e1vce, v z\u00e1vislosti na skladov\u00fdch z\u00e1sob\u00e1ch, v pr\u016fb\u011bhu 2-4 t\u00fddn\u016f u typick\u00fdch rozm\u011br\u016f. <\/span><\/h5><h5 style=\"padding-left: 40px;\"><span style=\"color: #ffffff;\"><strong class=\"zelena-barva\">+<\/strong>\u00a0Pom\u011br cena\/kvalita<\/span><br \/><span style=\"color: #ffffff;\"><strong class=\"zelena-barva\">+<\/strong>\u00a0Rychl\u00e9 dod\u00e1n\u00ed<\/span><br \/><span style=\"color: #ffffff;\"><strong><span class=\"zelena-barva\">+<\/span><\/strong>\u00a0Vzorky u n\u00e1s na prodejn\u011b<\/span><\/h5><h5><span style=\"color: #ffffff;\">V nab\u00eddce falcov\u00e9 i bezfalcov\u00e9 dve\u0159e.<\/span><\/h5><h5><a title=\"Woodyparkett - Katalog dve\u0159e VASCO\" href=\"https:\/\/dvere-vasco.cz\/Katalog%20Vasco_2025.pdf\" target=\"_blank\" rel=\"noopener\">\u2192 Katalog VASCO Doors<\/a><\/h5>\t\t\t\t\t\t\t\t<\/div>\n\t\t\t\t<div class=\"elementor-element elementor-element-8fc5a04 elementor-widget elementor-widget-image\" data-id=\"8fc5a04\" data-element_type=\"widget\" data-e-type=\"widget\" data-widget_type=\"image.default\">\n\t\t\t\t\t\t\t\t\t\t\t\t\t\t\t<img decoding=\"async\" src=\"http:\/\/thebestroads.com\/wp-content\/uploads\/2026\/04\/Dvere-Vasco.png\" title=\"\" alt=\"\" loading=\"lazy\" \/>\t\t\t\t\t\t\t\t\t\t\t\t\t\t\t<\/div>\n\t\t\t\t<div class=\"elementor-element elementor-element-392a80c elementor-widget elementor-widget-text-editor\" data-id=\"392a80c\" data-element_type=\"widget\" data-e-type=\"widget\" data-widget_type=\"text-editor.default\">\n\t\t\t\t\t\t\t\t\t<h3 style=\"text-align: left;\"><span style=\"text-decoration: underline; color: #ffffff;\"><strong>Dve\u0159e TREND<\/strong><\/span><\/h3><h5><span style=\"color: #ffffff;\"><strong>Interi\u00e9rov\u00e9 dve\u0159e v klasick\u00e9m \u010di modern\u00edm pojet\u00ed, leskl\u00e9 nebo matn\u00e9, v d\u00fdze \u010di um\u011bl\u00e9m povrchu &#8211; to je \u0161irok\u00fd v\u00fdb\u011br \u010desk\u00e9ho v\u00fdrobce dve\u0159\u00ed TREND.<\/strong><\/span><\/h5><h5><span style=\"color: #ffffff;\"><span style=\"margin-left: 30px;\"><strong class=\"zelena-barva\">+<\/strong>\u00a0Garantovan\u00e1 zdravotn\u00ed nez\u00e1vadnost pou\u017eit\u00fdch materi\u00e1l\u016f<br \/><\/span> <span style=\"margin-left: 30px;\"><strong class=\"zelena-barva\">+<\/strong>\u00a0Povrch z p\u0159\u00edrodn\u00ed d\u0159ev\u011bn\u00e9 d\u00fdhy v deseti dekorech, CPL lamin\u00e1tu pro odolnost a dal\u0161\u00ed varianty<br \/><\/span> <span style=\"margin-left: 30px;\"><strong><span class=\"zelena-barva\">+<\/span><\/strong>\u00a0\u0158e\u0161en\u00ed pro ka\u017ed\u00fd typ interi\u00e9ru<\/span><\/span><\/h5><h5><span style=\"color: #ffffff;\">V nab\u00eddce nejen interi\u00e9rov\u00e9 dve\u0159e, ale i vstupn\u00ed a pr\u016fmyslov\u00e9.<\/span><\/h5><h5 style=\"text-align: left;\"><a title=\"Woodyparkett - Katalog dve\u0159e TREND\" href=\"https:\/\/www.dveretrend.cz\/wp-content\/uploads\/2024\/08\/e33a54ca-dfab-437a-b2df-0d0f29831cae.pdf\" target=\"_blank\" rel=\"noopener\">\u2192 Katalog Dve\u0159e TREND<\/a><sup><span style=\"text-decoration: underline; color: #000000;\"><span style=\"font-size: 12pt;\"><br \/><\/span><\/span><\/sup><\/h5>\t\t\t\t\t\t\t\t<\/div>\n\t\t\t\t<div class=\"elementor-element elementor-element-3b5c60d elementor-widget elementor-widget-image\" data-id=\"3b5c60d\" data-element_type=\"widget\" data-e-type=\"widget\" data-widget_type=\"image.default\">\n\t\t\t\t\t\t\t\t\t\t\t\t\t\t\t<img decoding=\"async\" src=\"http:\/\/thebestroads.com\/wp-content\/uploads\/2026\/04\/Dvere-Trend.png\" title=\"\" alt=\"\" loading=\"lazy\" \/>\t\t\t\t\t\t\t\t\t\t\t\t\t\t\t<\/div>\n\t\t\t\t<div class=\"elementor-element elementor-element-821e10f elementor-widget elementor-widget-text-editor\" data-id=\"821e10f\" data-element_type=\"widget\" data-e-type=\"widget\" data-widget_type=\"text-editor.default\">\n\t\t\t\t\t\t\t\t\t<h3 style=\"text-align: left;\"><span style=\"text-decoration: underline; color: #ffffff;\"><strong>Dve\u0159e PORTA<\/strong><\/span><\/h3><h5><span style=\"color: #ffffff;\">Dve\u0159e PORTA DOORS jsme za\u0159adili na z\u00e1klad\u011b z\u00e1kaznick\u00e9 popt\u00e1vky do na\u0161\u00ed nab\u00eddky.<\/span><br \/><span style=\"color: #ffffff;\">A ch\u00e1peme pro\u010d, maj\u00ed \u0161irok\u00fd v\u00fdb\u011br dekor\u016f a prosklen\u00ed. <\/span><\/h5><h5><span style=\"color: #ffffff;\"><span style=\"margin-left: 30px;\"><strong class=\"zelena-barva\">+<\/strong> Jsou velmi kvalitn\u00ed<br \/><\/span> <span style=\"margin-left: 30px;\"><strong class=\"zelena-barva\">+<\/strong> Um\u011bj\u00ed zareagovat i na tu nejatipi\u010dt\u011bj\u0161\u00ed popt\u00e1vku<br \/><\/span> <span style=\"margin-left: 30px;\"><strong><span class=\"zelena-barva\">+<\/span><\/strong> Pravideln\u00e9 akce ka\u017ed\u00fd rok<\/span><\/span><\/h5><h5><span style=\"color: #ffffff;\">V nab\u00eddce nejen interi\u00e9rov\u00e9 dve\u0159e, ale i vstupn\u00ed a pr\u016fmyslov\u00e9.<\/span><\/h5><h5 style=\"text-align: left;\"><a title=\"Woodyparkett - Katalog dve\u0159e Porta\" href=\"https:\/\/portadoors.com\/cz\/wp-content\/uploads\/sites\/2\/2026\/02\/CZ_KATALOG-PORTA_BEZ-CEN_2026_skompresowany.pdf\" target=\"_blank\" rel=\"noopener\">\u2192 Katalog Porta<\/a><sup><span style=\"text-decoration: underline; color: #000000;\"><span style=\"font-size: 12pt;\"><br \/><\/span><\/span><\/sup><\/h5>\t\t\t\t\t\t\t\t<\/div>\n\t\t\t\t<div class=\"elementor-element elementor-element-1c4de08 elementor-widget elementor-widget-image\" data-id=\"1c4de08\" data-element_type=\"widget\" data-e-type=\"widget\" data-widget_type=\"image.default\">\n\t\t\t\t\t\t\t\t\t\t\t\t\t\t\t<img decoding=\"async\" src=\"http:\/\/thebestroads.com\/wp-content\/uploads\/2026\/04\/Dvere-Porta.png\" title=\"\" alt=\"\" loading=\"lazy\" \/>\t\t\t\t\t\t\t\t\t\t\t\t\t\t\t<\/div>\n\t\t\t\t<div class=\"elementor-element elementor-element-dbbe0af elementor-widget elementor-widget-text-editor\" data-id=\"dbbe0af\" data-element_type=\"widget\" data-e-type=\"widget\" data-widget_type=\"text-editor.default\">\n\t\t\t\t\t\t\t\t\t<h3 style=\"text-align: left;\"><span style=\"text-decoration: underline; color: #ffffff;\"><strong>Dve\u0159e POL-SKONE<\/strong><\/span><\/h3><h5><span style=\"color: #ffffff;\">Jsme hrd\u00fdm obchodn\u00edm partnerem spole\u010dnosti POLSKONE pro Z\u00e1padn\u00ed \u010cechy.\u00a0<\/span><\/h5><h5><span style=\"color: #ffffff;\"><span style=\"margin-left: 30px;\"><strong class=\"zelena-barva\">+<\/strong> Maj\u00ed vysokou kvalitu zpracov\u00e1n\u00ed<br \/><\/span> <span style=\"margin-left: 30px;\"><strong class=\"zelena-barva\">+<\/strong>\u00a0Expresn\u00ed v\u00fdroba do 10 dn\u00ed<br \/><\/span> <span style=\"margin-left: 30px;\"><strong><span class=\"zelena-barva\">+<\/span><\/strong> V nab\u00eddce i dve\u0159e v povrchu UNIMAT<\/span><\/span><\/h5><h5><a title=\"Woodyparkett - Katalog dve\u0159e POLSKONE\" href=\"https:\/\/www.calameo.com\/books\/0074474189d35c54cd285\" target=\"_blank\" rel=\"noopener\">\u2192 Katalog Dve\u0159e Polskone<\/a><sup><span style=\"text-decoration: underline; color: #000000;\"><span style=\"font-size: 12pt;\"><br \/><\/span><\/span><\/sup><\/h5>\t\t\t\t\t\t\t\t<\/div>\n\t\t\t\t<div class=\"elementor-element elementor-element-4a6ff90 elementor-widget elementor-widget-image\" data-id=\"4a6ff90\" data-element_type=\"widget\" data-e-type=\"widget\" data-widget_type=\"image.default\">\n\t\t\t\t\t\t\t\t\t\t\t\t\t\t\t<img decoding=\"async\" src=\"http:\/\/thebestroads.com\/wp-content\/uploads\/2026\/04\/Dvere-Pol-Skone.png\" title=\"\" alt=\"\" loading=\"lazy\" \/>\t\t\t\t\t\t\t\t\t\t\t\t\t\t\t<\/div>\n\t\t\t\t<div class=\"elementor-element elementor-element-284fada elementor-widget elementor-widget-text-editor\" data-id=\"284fada\" data-element_type=\"widget\" data-e-type=\"widget\" data-widget_type=\"text-editor.default\">\n\t\t\t\t\t\t\t\t\t<h3 style=\"text-align: left;\"><span style=\"text-decoration: underline; color: #ffffff;\"><strong>Sklen\u011bn\u00e9 dve\u0159e<\/strong><\/span><\/h3><h5><span style=\"color: #ffffff;\">Skute\u010dn\u00fdm skvostem v interi\u00e9rov\u00e9m designu jsou celosklen\u011bn\u00e9 dve\u0159e. <\/span><\/h5><h5><span style=\"color: #ffffff;\"><span style=\"margin-left: 30px;\"><strong class=\"zelena-barva\">+<\/strong> \u010cir\u00e9, ml\u00e9\u010dn\u00e9 nebo z grafoskla<br \/><\/span> <span style=\"margin-left: 30px;\"><strong class=\"zelena-barva\">+<\/strong> Posuvn\u00e9 do pouzdra nebo oto\u010dn\u00e9<br \/><\/span> <span style=\"margin-left: 30px;\"><strong><span class=\"zelena-barva\">+<\/span><\/strong> Individu\u00e1ln\u00ed v\u00fdroba dle Va\u0161eho zad\u00e1n\u00ed <br \/><\/span><\/span><\/h5><h5><span style=\"color: #ffffff;\">Celosklen\u011bn\u00e9 dve\u0159e se vyr\u00e1b\u011bj\u00ed na popt\u00e1vku, tak\u017ee si nap\u0159\u00edklad\u00a0m\u016f\u017eete nechat pomoc\u00ed grafoskla p\u0159en\u00e9st svou obl\u00edbenou fotografii pr\u00e1v\u011b na dve\u0159e od n\u00e1s.<\/span><\/h5><h5><span style=\"color: #ffffff;\">Nebo si vyberte z p\u0159edp\u0159ipraven\u00e9ho designu na\u00a0<\/span><a title=\"Woodyparkett - Sklen\u011bn\u00e9 dve\u0159e SIO2 Production\" href=\"https:\/\/www.sio2production.cz\/Dekory\/\" target=\"_blank\" rel=\"noopener\">str\u00e1nk\u00e1ch na\u0161eho partnera<\/a>.<\/h5>\t\t\t\t\t\t\t\t<\/div>\n\t\t\t\t<div class=\"elementor-element elementor-element-45e842c elementor-widget elementor-widget-image\" data-id=\"45e842c\" data-element_type=\"widget\" data-e-type=\"widget\" data-widget_type=\"image.default\">\n\t\t\t\t\t\t\t\t\t\t\t\t\t\t\t<img decoding=\"async\" src=\"http:\/\/thebestroads.com\/wp-content\/uploads\/2026\/04\/Dvere-slklo.png\" title=\"\" alt=\"\" loading=\"lazy\" \/>\t\t\t\t\t\t\t\t\t\t\t\t\t\t\t<\/div>\n\t\t\t\t<div class=\"elementor-element elementor-element-15d6bc3 elementor-widget elementor-widget-text-editor\" data-id=\"15d6bc3\" data-element_type=\"widget\" data-e-type=\"widget\" data-widget_type=\"text-editor.default\">\n\t\t\t\t\t\t\t\t\t<h3 style=\"text-align: left;\"><span style=\"text-decoration: underline; color: #ffffff;\"><strong>Masivn\u00ed d\u0159ev\u011bn\u00e9 dve\u0159e<\/strong><\/span><\/h3><h5 style=\"text-align: left;\"><span style=\"color: #ffffff;\">Ruku v ruce s konceptem na\u0161\u00ed nab\u00eddky se nab\u00edz\u00ed celomasivn\u00ed dve\u0159e.<\/span><\/h5><h5 style=\"text-align: left;\"><span style=\"color: #ffffff;\">EKO varianta masivn\u00edch dve\u0159\u00ed (v\u00fdpl\u0148 odleh\u010den\u00e1 d\u0159evot\u0159\u00edska + 1,4 n\u00e1kli\u017eek):<\/span><\/h5><h5 class=\"zelena-barva\" style=\"text-align: left;\"><span style=\"color: #ffffff;\">od 13 000 K\u010d\/ komplet dve\u0159n\u00ed k\u0159\u00eddlo + z\u00e1rube\u0148<\/span><\/h5><h5 class=\"cerna-barva\" style=\"text-align: left;\"><span style=\"color: #ffffff;\">Celomasiv:<\/span><br \/><span style=\"color: #ffffff;\">Smrk sukat\u00fd\u00a0<span class=\"zelena-barva\">od 15 730 K\u010d\/ komplet dve\u0159n\u00ed k\u0159\u00eddlo + z\u00e1rube\u0148\u00a0<br \/><\/span>Dub sukat\u00fd\/ selekt<span class=\"zelena-barva\"> od 21 600 K\u010d\/komplet dve\u0159n\u00ed k\u0159\u00eddlo + z\u00e1rube\u0148<\/span><\/span><\/h5>\t\t\t\t\t\t\t\t<\/div>\n\t\t\t\t<div class=\"elementor-element elementor-element-ced26ff elementor-widget elementor-widget-image\" data-id=\"ced26ff\" data-element_type=\"widget\" data-e-type=\"widget\" data-widget_type=\"image.default\">\n\t\t\t\t\t\t\t\t\t\t\t\t\t\t\t<img fetchpriority=\"high\" decoding=\"async\" width=\"1024\" height=\"1024\" src=\"http:\/\/www.woodyparkett.cz\/wp-content\/uploads\/2026\/03\/troje-dvere-1024x1024.png\" class=\"attachment-large size-large wp-image-630\" alt=\"\" srcset=\"http:\/\/www.woodyparkett.cz\/wp-content\/uploads\/2026\/03\/troje-dvere-1024x1024.png 1024w, http:\/\/www.woodyparkett.cz\/wp-content\/uploads\/2026\/03\/troje-dvere-300x300.png 300w, http:\/\/www.woodyparkett.cz\/wp-content\/uploads\/2026\/03\/troje-dvere-150x150.png 150w, http:\/\/www.woodyparkett.cz\/wp-content\/uploads\/2026\/03\/troje-dvere-768x768.png 768w, http:\/\/www.woodyparkett.cz\/wp-content\/uploads\/2026\/03\/troje-dvere.png 1080w\" sizes=\"(max-width: 1024px) 100vw, 1024px\" \/>\t\t\t\t\t\t\t\t\t\t\t\t\t\t\t<\/div>\n\t\t\t\t<\/div>\n\t\t\t\t\t<\/div>\n\t\t\t\t<\/div>\n\t\t\t\t<\/div>\n\t\t","protected":false},"excerpt":{"rendered":"<p>Interi\u00e9rov\u00e9 dve\u0159e Dve\u0159e se z\u00e1rubn\u011bmi a podlaha by se m\u011bly vyb\u00edrat spole\u010dn\u011b. Na\u0161e nab\u00eddka uspokoj\u00ed i toho nejn\u00e1ro\u010dn\u011bj\u0161\u00edho z\u00e1kazn\u00edka:\u00a0 &#8211; [&hellip;]<\/p>\n","protected":false},"author":1,"featured_media":0,"parent":288,"menu_order":0,"comment_status":"closed","ping_status":"closed","template":"","meta":{"site-sidebar-layout":"no-sidebar","site-content-layout":"","ast-site-content-layout":"full-width-container","site-content-style":"default","site-sidebar-style":"default","ast-global-header-display":"","ast-banner-title-visibility":"","ast-main-header-display":"","ast-hfb-above-header-display":"","ast-hfb-below-header-display":"","ast-hfb-mobile-header-display":"","site-post-title":"disabled","ast-breadcrumbs-content":"","ast-featured-img":"disabled","footer-sml-layout":"","ast-disable-related-posts":"","theme-transparent-header-meta":"","adv-header-id-meta":"","stick-header-meta":"","header-above-stick-meta":"","header-main-stick-meta":"","header-below-stick-meta":"","astra-migrate-meta-layouts":"default","ast-page-background-enabled":"default","ast-page-background-meta":{"desktop":{"background-color":"var(--ast-global-color-5)","background-image":"","background-repeat":"repeat","background-position":"center center","background-size":"auto","background-attachment":"scroll","background-type":"","background-media":"","overlay-type":"","overlay-color":"","overlay-opacity":"","overlay-gradient":""},"tablet":{"background-color":"","background-image":"","background-repeat":"repeat","background-position":"center center","background-size":"auto","background-attachment":"scroll","background-type":"","background-media":"","overlay-type":"","overlay-color":"","overlay-opacity":"","overlay-gradient":""},"mobile":{"background-color":"","background-image":"","background-repeat":"repeat","background-position":"center center","background-size":"auto","background-attachment":"scroll","background-type":"","background-media":"","overlay-type":"","overlay-color":"","overlay-opacity":"","overlay-gradient":""}},"ast-content-background-meta":{"desktop":{"background-color":"var(--ast-global-color-4)","background-image":"","background-repeat":"repeat","background-position":"center center","background-size":"auto","background-attachment":"scroll","background-type":"","background-media":"","overlay-type":"","overlay-color":"","overlay-opacity":"","overlay-gradient":""},"tablet":{"background-color":"var(--ast-global-color-4)","background-image":"","background-repeat":"repeat","background-position":"center center","background-size":"auto","background-attachment":"scroll","background-type":"","background-media":"","overlay-type":"","overlay-color":"","overlay-opacity":"","overlay-gradient":""},"mobile":{"background-color":"var(--ast-global-color-4)","background-image":"","background-repeat":"repeat","background-position":"center center","background-size":"auto","background-attachment":"scroll","background-type":"","background-media":"","overlay-type":"","overlay-color":"","overlay-opacity":"","overlay-gradient":""}},"footnotes":""},"class_list":["post-296","page","type-page","status-publish","hentry"],"_links":{"self":[{"href":"https:\/\/www.woodyparkett.cz\/index.php?rest_route=\/wp\/v2\/pages\/296","targetHints":{"allow":["GET"]}}],"collection":[{"href":"https:\/\/www.woodyparkett.cz\/index.php?rest_route=\/wp\/v2\/pages"}],"about":[{"href":"https:\/\/www.woodyparkett.cz\/index.php?rest_route=\/wp\/v2\/types\/page"}],"author":[{"embeddable":true,"href":"https:\/\/www.woodyparkett.cz\/index.php?rest_route=\/wp\/v2\/users\/1"}],"replies":[{"embeddable":true,"href":"https:\/\/www.woodyparkett.cz\/index.php?rest_route=%2Fwp%2Fv2%2Fcomments&post=296"}],"version-history":[{"count":0,"href":"https:\/\/www.woodyparkett.cz\/index.php?rest_route=\/wp\/v2\/pages\/296\/revisions"}],"up":[{"embeddable":true,"href":"https:\/\/www.woodyparkett.cz\/index.php?rest_route=\/wp\/v2\/pages\/288"}],"wp:attachment":[{"href":"https:\/\/www.woodyparkett.cz\/index.php?rest_route=%2Fwp%2Fv2%2Fmedia&parent=296"}],"curies":[{"name":"wp","href":"https:\/\/api.w.org\/{rel}","templated":true}]}}