{"id":288,"date":"2026-03-22T12:06:26","date_gmt":"2026-03-22T12:06:26","guid":{"rendered":"https:\/\/thebestroads.com\/?page_id=288"},"modified":"2026-03-22T12:06:26","modified_gmt":"2026-03-22T12:06:26","slug":"nabizime","status":"publish","type":"page","link":"https:\/\/www.woodyparkett.cz\/?page_id=288","title":{"rendered":"Nab\u00edz\u00edme"},"content":{"rendered":"\t\t<div data-elementor-type=\"wp-page\" data-elementor-id=\"288\" class=\"elementor elementor-288\">\n\t\t\t\t<div class=\"elementor-element elementor-element-06acfe4 e-grid e-con-boxed e-con e-parent\" data-id=\"06acfe4\" data-element_type=\"container\" data-e-type=\"container\">\n\t\t\t\t\t<div class=\"e-con-inner\">\n\t\t<div class=\"elementor-element elementor-element-21ac4c4 e-con-full e-flex e-con e-child\" data-id=\"21ac4c4\" data-element_type=\"container\" data-e-type=\"container\">\n\t\t<a class=\"elementor-element elementor-element-b6cc0a7 e-con-full imagehover e-flex e-con e-child\" data-id=\"b6cc0a7\" data-element_type=\"container\" data-e-type=\"container\" data-settings=\"{&quot;background_background&quot;:&quot;classic&quot;}\" href=\"https:\/\/thebestroads.com\/nabizime\/drevene-podlahy\/\">\n\t\t\t\t<div class=\"elementor-element elementor-element-e3e9bc9 elementor-widget elementor-widget-heading\" data-id=\"e3e9bc9\" data-element_type=\"widget\" data-e-type=\"widget\" data-widget_type=\"heading.default\">\n\t\t\t\t\t<h3 class=\"elementor-heading-title elementor-size-default\">D\u0159ev\u011bn\u00e9 podlahy<\/h3>\t\t\t\t<\/div>\n\t\t\t\t<\/a>\n\t\t\t\t<\/div>\n\t\t<div class=\"elementor-element elementor-element-8a13d9b e-con-full e-flex e-con e-child\" data-id=\"8a13d9b\" data-element_type=\"container\" data-e-type=\"container\">\n\t\t<a class=\"elementor-element elementor-element-233e44e e-con-full imagehover e-flex e-con e-child\" data-id=\"233e44e\" data-element_type=\"container\" data-e-type=\"container\" data-settings=\"{&quot;background_background&quot;:&quot;classic&quot;}\" href=\"https:\/\/thebestroads.com\/nabizime\/vinylove-podlahy\/\">\n\t\t\t\t<div class=\"elementor-element elementor-element-85c37ba elementor-widget elementor-widget-heading\" data-id=\"85c37ba\" data-element_type=\"widget\" data-e-type=\"widget\" data-widget_type=\"heading.default\">\n\t\t\t\t\t<h3 class=\"elementor-heading-title elementor-size-default\">Vinylov\u00e9 podlahy<\/h3>\t\t\t\t<\/div>\n\t\t\t\t<\/a>\n\t\t\t\t<\/div>\n\t\t<div class=\"elementor-element elementor-element-fe2010d e-con-full e-flex e-con e-child\" data-id=\"fe2010d\" data-element_type=\"container\" data-e-type=\"container\">\n\t\t<a class=\"elementor-element elementor-element-fc413f0 e-con-full imagehover e-flex e-con e-child\" data-id=\"fc413f0\" data-element_type=\"container\" data-e-type=\"container\" data-settings=\"{&quot;background_background&quot;:&quot;classic&quot;}\" href=\"https:\/\/thebestroads.com\/nabizime\/hybridni-podlahy\/\">\n\t\t\t\t<div class=\"elementor-element elementor-element-74bb18f elementor-widget elementor-widget-heading\" data-id=\"74bb18f\" data-element_type=\"widget\" data-e-type=\"widget\" data-widget_type=\"heading.default\">\n\t\t\t\t\t<h3 class=\"elementor-heading-title elementor-size-default\">Hybridn\u00ed podlahy<\/h3>\t\t\t\t<\/div>\n\t\t\t\t<\/a>\n\t\t\t\t<\/div>\n\t\t\t\t\t<\/div>\n\t\t\t\t<\/div>\n\t\t<div class=\"elementor-element elementor-element-c800084 e-grid e-con-boxed e-con e-parent\" data-id=\"c800084\" data-element_type=\"container\" data-e-type=\"container\">\n\t\t\t\t\t<div class=\"e-con-inner\">\n\t\t<div class=\"elementor-element elementor-element-8ce63f1 e-con-full e-flex e-con e-child\" data-id=\"8ce63f1\" data-element_type=\"container\" data-e-type=\"container\">\n\t\t<a class=\"elementor-element elementor-element-4e7006f e-con-full imagehover e-flex e-con e-child\" data-id=\"4e7006f\" data-element_type=\"container\" data-e-type=\"container\" data-settings=\"{&quot;background_background&quot;:&quot;classic&quot;}\" href=\"https:\/\/thebestroads.com\/nabizime\/korkove-a-bambusove-podlahy\/\">\n\t\t\t\t<div class=\"elementor-element elementor-element-71fd965 elementor-widget elementor-widget-heading\" data-id=\"71fd965\" data-element_type=\"widget\" data-e-type=\"widget\" data-widget_type=\"heading.default\">\n\t\t\t\t\t<h3 class=\"elementor-heading-title elementor-size-default\">Korkov\u00e9 a bambusov\u00e9 podlahy<\/h3>\t\t\t\t<\/div>\n\t\t\t\t<\/a>\n\t\t\t\t<\/div>\n\t\t<div class=\"elementor-element elementor-element-3f5eadb e-con-full e-flex e-con e-child\" data-id=\"3f5eadb\" data-element_type=\"container\" data-e-type=\"container\">\n\t\t<a class=\"elementor-element elementor-element-f3168cb e-con-full imagehover e-flex e-con e-child\" data-id=\"f3168cb\" data-element_type=\"container\" data-e-type=\"container\" data-settings=\"{&quot;background_background&quot;:&quot;classic&quot;}\" href=\"https:\/\/thebestroads.com\/nabizime\/spotrebice-teka\/\">\n\t\t\t\t<div class=\"elementor-element elementor-element-d6b74c4 elementor-widget elementor-widget-heading\" data-id=\"d6b74c4\" data-element_type=\"widget\" data-e-type=\"widget\" data-widget_type=\"heading.default\">\n\t\t\t\t\t<h3 class=\"elementor-heading-title elementor-size-default\">Spot\u0159ebi\u010de TEKA<\/h3>\t\t\t\t<\/div>\n\t\t\t\t<\/a>\n\t\t\t\t<\/div>\n\t\t<div class=\"elementor-element elementor-element-3ae7c4a e-con-full e-flex e-con e-child\" data-id=\"3ae7c4a\" data-element_type=\"container\" data-e-type=\"container\">\n\t\t<a class=\"elementor-element elementor-element-122e1e6 e-con-full imagehover e-flex e-con e-child\" data-id=\"122e1e6\" data-element_type=\"container\" data-e-type=\"container\" data-settings=\"{&quot;background_background&quot;:&quot;classic&quot;}\" href=\"https:\/\/thebestroads.com\/akcni-sortiment\/\">\n\t\t\t\t<div class=\"elementor-element elementor-element-b250949 elementor-widget elementor-widget-heading\" data-id=\"b250949\" data-element_type=\"widget\" data-e-type=\"widget\" data-widget_type=\"heading.default\">\n\t\t\t\t\t<h3 class=\"elementor-heading-title elementor-size-default\">Ak\u010dn\u00ed sortiment<\/h3>\t\t\t\t<\/div>\n\t\t\t\t<\/a>\n\t\t\t\t<\/div>\n\t\t\t\t\t<\/div>\n\t\t\t\t<\/div>\n\t\t<div class=\"elementor-element elementor-element-507a77f e-grid e-con-boxed e-con e-parent\" data-id=\"507a77f\" data-element_type=\"container\" data-e-type=\"container\">\n\t\t\t\t\t<div class=\"e-con-inner\">\n\t\t<div class=\"elementor-element elementor-element-86060e5 e-con-full e-flex e-con e-child\" data-id=\"86060e5\" data-element_type=\"container\" data-e-type=\"container\">\n\t\t<a class=\"elementor-element elementor-element-c157d8e e-con-full imagehover e-flex e-con e-child\" data-id=\"c157d8e\" data-element_type=\"container\" data-e-type=\"container\" data-settings=\"{&quot;background_background&quot;:&quot;classic&quot;}\" href=\"https:\/\/thebestroads.com\/nabizime\/interierove-dvere\/\">\n\t\t\t\t<div class=\"elementor-element elementor-element-b356173 elementor-widget elementor-widget-heading\" data-id=\"b356173\" data-element_type=\"widget\" data-e-type=\"widget\" data-widget_type=\"heading.default\">\n\t\t\t\t\t<h3 class=\"elementor-heading-title elementor-size-default\">Interi\u00e9rov\u00e9 dve\u0159e<\/h3>\t\t\t\t<\/div>\n\t\t\t\t<\/a>\n\t\t\t\t<\/div>\n\t\t<div class=\"elementor-element elementor-element-ed8219f e-con-full e-flex e-con e-child\" data-id=\"ed8219f\" data-element_type=\"container\" data-e-type=\"container\">\n\t\t<a class=\"elementor-element elementor-element-fa84d4b e-con-full imagehover e-flex e-con e-child\" data-id=\"fa84d4b\" data-element_type=\"container\" data-e-type=\"container\" data-settings=\"{&quot;background_background&quot;:&quot;classic&quot;}\" href=\"https:\/\/thebestroads.com\/nabizime\/kliky-a-dverni-kovani\/\">\n\t\t\t\t<div class=\"elementor-element elementor-element-7551e9c elementor-widget elementor-widget-heading\" data-id=\"7551e9c\" data-element_type=\"widget\" data-e-type=\"widget\" data-widget_type=\"heading.default\">\n\t\t\t\t\t<h3 class=\"elementor-heading-title elementor-size-default\">Kliky a dve\u0159n\u00ed kov\u00e1n\u00ed<\/h3>\t\t\t\t<\/div>\n\t\t\t\t<\/a>\n\t\t\t\t<\/div>\n\t\t<div class=\"elementor-element elementor-element-c2415d9 e-con-full e-flex e-con e-child\" data-id=\"c2415d9\" data-element_type=\"container\" data-e-type=\"container\">\n\t\t<a class=\"elementor-element elementor-element-5f429bd e-con-full imagehover e-flex e-con e-child\" data-id=\"5f429bd\" data-element_type=\"container\" data-e-type=\"container\" data-settings=\"{&quot;background_background&quot;:&quot;classic&quot;}\" href=\"https:\/\/thebestroads.com\/nabizime\/schody\/\">\n\t\t\t\t<div class=\"elementor-element elementor-element-1e6d310 elementor-widget elementor-widget-heading\" data-id=\"1e6d310\" data-element_type=\"widget\" data-e-type=\"widget\" data-widget_type=\"heading.default\">\n\t\t\t\t\t<h3 class=\"elementor-heading-title elementor-size-default\">Schody<\/h3>\t\t\t\t<\/div>\n\t\t\t\t<\/a>\n\t\t\t\t<\/div>\n\t\t\t\t\t<\/div>\n\t\t\t\t<\/div>\n\t\t<div class=\"elementor-element elementor-element-0ce5dfa e-grid e-con-boxed e-con e-parent\" data-id=\"0ce5dfa\" data-element_type=\"container\" data-e-type=\"container\">\n\t\t\t\t\t<div class=\"e-con-inner\">\n\t\t<div class=\"elementor-element elementor-element-4d74bf8 e-con-full e-flex e-con e-child\" data-id=\"4d74bf8\" data-element_type=\"container\" data-e-type=\"container\">\n\t\t<a class=\"elementor-element elementor-element-062c496 e-con-full imagehover e-flex e-con e-child\" data-id=\"062c496\" data-element_type=\"container\" data-e-type=\"container\" data-settings=\"{&quot;background_background&quot;:&quot;classic&quot;}\" href=\"https:\/\/thebestroads.com\/nabizime\/terasy\/\">\n\t\t\t\t<div class=\"elementor-element elementor-element-9ad8200 elementor-widget elementor-widget-heading\" data-id=\"9ad8200\" data-element_type=\"widget\" data-e-type=\"widget\" data-widget_type=\"heading.default\">\n\t\t\t\t\t<h3 class=\"elementor-heading-title elementor-size-default\">Terasy<\/h3>\t\t\t\t<\/div>\n\t\t\t\t<\/a>\n\t\t\t\t<\/div>\n\t\t<div class=\"elementor-element elementor-element-bf10bd2 e-con-full e-flex e-con e-child\" data-id=\"bf10bd2\" data-element_type=\"container\" data-e-type=\"container\">\n\t\t<a class=\"elementor-element elementor-element-9a9c290 e-con-full imagehover e-flex e-con e-child\" data-id=\"9a9c290\" data-element_type=\"container\" data-e-type=\"container\" data-settings=\"{&quot;background_background&quot;:&quot;classic&quot;}\" href=\"https:\/\/thebestroads.com\/nabizime\/drevene-interierove-steny\/\">\n\t\t\t\t<div class=\"elementor-element elementor-element-374d5cb elementor-widget elementor-widget-heading\" data-id=\"374d5cb\" data-element_type=\"widget\" data-e-type=\"widget\" data-widget_type=\"heading.default\">\n\t\t\t\t\t<h3 class=\"elementor-heading-title elementor-size-default\">D\u0159ev\u011bn\u00e9 i<span style=\"font-size: 1.33333rem;background-color: transparent\">nteri\u00e9rov\u00e9<\/span><span style=\"font-size: 1.33333rem;font-style: inherit;background-color: transparent\"> st\u011bny<\/span><span style=\"font-size: 1.33333rem;font-style: inherit;background-color: transparent\"><\/span><br><\/h3>\t\t\t\t<\/div>\n\t\t\t\t<\/a>\n\t\t\t\t<\/div>\n\t\t<div class=\"elementor-element elementor-element-3201919 e-con-full e-flex e-con e-child\" data-id=\"3201919\" data-element_type=\"container\" data-e-type=\"container\">\n\t\t<a class=\"elementor-element elementor-element-a8a12d5 e-con-full imagehover e-flex e-con e-child\" data-id=\"a8a12d5\" data-element_type=\"container\" data-e-type=\"container\" data-settings=\"{&quot;background_background&quot;:&quot;classic&quot;}\" href=\"https:\/\/thebestroads.com\/nabizime\/kuchyne-a-nabytek-na-miru\/\">\n\t\t\t\t<div class=\"elementor-element elementor-element-e1cd4a4 elementor-widget elementor-widget-heading\" data-id=\"e1cd4a4\" data-element_type=\"widget\" data-e-type=\"widget\" data-widget_type=\"heading.default\">\n\t\t\t\t\t<h3 class=\"elementor-heading-title elementor-size-default\">Kuchyn\u011b a n\u00e1bytek na m\u00edru<\/h3>\t\t\t\t<\/div>\n\t\t\t\t<\/a>\n\t\t\t\t<\/div>\n\t\t\t\t\t<\/div>\n\t\t\t\t<\/div>\n\t\t\t\t<\/div>\n\t\t","protected":false},"excerpt":{"rendered":"<p>D\u0159ev\u011bn\u00e9 podlahy Vinylov\u00e9 podlahy Hybridn\u00ed podlahy Korkov\u00e9 a bambusov\u00e9 podlahy Spot\u0159ebi\u010de TEKA Ak\u010dn\u00ed sortiment Interi\u00e9rov\u00e9 dve\u0159e Kliky a dve\u0159n\u00ed kov\u00e1n\u00ed [&hellip;]<\/p>\n","protected":false},"author":1,"featured_media":0,"parent":0,"menu_order":0,"comment_status":"closed","ping_status":"closed","template":"","meta":{"site-sidebar-layout":"no-sidebar","site-content-layout":"","ast-site-content-layout":"full-width-container","site-content-style":"default","site-sidebar-style":"default","ast-global-header-display":"","ast-banner-title-visibility":"","ast-main-header-display":"","ast-hfb-above-header-display":"","ast-hfb-below-header-display":"","ast-hfb-mobile-header-display":"","site-post-title":"disabled","ast-breadcrumbs-content":"","ast-featured-img":"disabled","footer-sml-layout":"","ast-disable-related-posts":"","theme-transparent-header-meta":"","adv-header-id-meta":"","stick-header-meta":"","header-above-stick-meta":"","header-main-stick-meta":"","header-below-stick-meta":"","astra-migrate-meta-layouts":"default","ast-page-background-enabled":"default","ast-page-background-meta":{"desktop":{"background-color":"var(--ast-global-color-5)","background-image":"","background-repeat":"repeat","background-position":"center center","background-size":"auto","background-attachment":"scroll","background-type":"","background-media":"","overlay-type":"","overlay-color":"","overlay-opacity":"","overlay-gradient":""},"tablet":{"background-color":"","background-image":"","background-repeat":"repeat","background-position":"center center","background-size":"auto","background-attachment":"scroll","background-type":"","background-media":"","overlay-type":"","overlay-color":"","overlay-opacity":"","overlay-gradient":""},"mobile":{"background-color":"","background-image":"","background-repeat":"repeat","background-position":"center center","background-size":"auto","background-attachment":"scroll","background-type":"","background-media":"","overlay-type":"","overlay-color":"","overlay-opacity":"","overlay-gradient":""}},"ast-content-background-meta":{"desktop":{"background-color":"var(--ast-global-color-4)","background-image":"","background-repeat":"repeat","background-position":"center center","background-size":"auto","background-attachment":"scroll","background-type":"","background-media":"","overlay-type":"","overlay-color":"","overlay-opacity":"","overlay-gradient":""},"tablet":{"background-color":"var(--ast-global-color-4)","background-image":"","background-repeat":"repeat","background-position":"center center","background-size":"auto","background-attachment":"scroll","background-type":"","background-media":"","overlay-type":"","overlay-color":"","overlay-opacity":"","overlay-gradient":""},"mobile":{"background-color":"var(--ast-global-color-4)","background-image":"","background-repeat":"repeat","background-position":"center center","background-size":"auto","background-attachment":"scroll","background-type":"","background-media":"","overlay-type":"","overlay-color":"","overlay-opacity":"","overlay-gradient":""}},"footnotes":""},"class_list":["post-288","page","type-page","status-publish","hentry"],"_links":{"self":[{"href":"https:\/\/www.woodyparkett.cz\/index.php?rest_route=\/wp\/v2\/pages\/288","targetHints":{"allow":["GET"]}}],"collection":[{"href":"https:\/\/www.woodyparkett.cz\/index.php?rest_route=\/wp\/v2\/pages"}],"about":[{"href":"https:\/\/www.woodyparkett.cz\/index.php?rest_route=\/wp\/v2\/types\/page"}],"author":[{"embeddable":true,"href":"https:\/\/www.woodyparkett.cz\/index.php?rest_route=\/wp\/v2\/users\/1"}],"replies":[{"embeddable":true,"href":"https:\/\/www.woodyparkett.cz\/index.php?rest_route=%2Fwp%2Fv2%2Fcomments&post=288"}],"version-history":[{"count":0,"href":"https:\/\/www.woodyparkett.cz\/index.php?rest_route=\/wp\/v2\/pages\/288\/revisions"}],"wp:attachment":[{"href":"https:\/\/www.woodyparkett.cz\/index.php?rest_route=%2Fwp%2Fv2%2Fmedia&parent=288"}],"curies":[{"name":"wp","href":"https:\/\/api.w.org\/{rel}","templated":true}]}}